{"id":381,"date":"2023-05-16T15:36:58","date_gmt":"2023-05-16T18:36:58","guid":{"rendered":"https:\/\/sinasefesertaope.com\/site\/?page_id=381"},"modified":"2025-01-20T17:16:30","modified_gmt":"2025-01-20T20:16:30","slug":"noticias","status":"publish","type":"page","link":"https:\/\/sinasefesertaope.com\/site\/noticias\/","title":{"rendered":"Not\u00edcias"},"content":{"rendered":"\t\t<div data-elementor-type=\"wp-page\" data-elementor-id=\"381\" class=\"elementor elementor-381\" data-elementor-post-type=\"page\">\n\t\t\t\t<div class=\"elementor-element elementor-element-318873d e-flex e-con-boxed e-con e-parent\" data-id=\"318873d\" data-element_type=\"container\" data-settings=\"{&quot;ekit_has_onepagescroll_dot&quot;:&quot;yes&quot;}\">\n\t\t\t\t\t<div class=\"e-con-inner\">\n\t\t\t\t<div class=\"elementor-element elementor-element-fc0aed0 elementor-widget elementor-widget-template\" data-id=\"fc0aed0\" data-element_type=\"widget\" data-settings=\"{&quot;ekit_we_effect_on&quot;:&quot;none&quot;}\" data-widget_type=\"template.default\">\n\t\t\t\t<div class=\"elementor-widget-container\">\n\t\t\t\t\t\t\t<div class=\"elementor-template\">\n\t\t\t\t\t<div data-elementor-type=\"section\" data-elementor-id=\"1057\" class=\"elementor elementor-1057\" data-elementor-post-type=\"elementor_library\">\n\t\t\t\t\t<section class=\"elementor-section elementor-top-section elementor-element elementor-element-40d21bea elementor-section-full_width elementor-section-height-min-height elementor-section-height-default elementor-section-items-middle\" data-id=\"40d21bea\" data-element_type=\"section\" data-settings=\"{&quot;background_background&quot;:&quot;classic&quot;,&quot;ekit_has_onepagescroll_dot&quot;:&quot;yes&quot;}\">\n\t\t\t\t\t\t\t<div class=\"elementor-background-overlay\"><\/div>\n\t\t\t\t\t\t\t<div class=\"elementor-container elementor-column-gap-default\">\n\t\t\t\t\t<div class=\"elementor-column elementor-col-100 elementor-top-column elementor-element elementor-element-55a2bfaf\" data-id=\"55a2bfaf\" data-element_type=\"column\">\n\t\t\t<div class=\"elementor-widget-wrap elementor-element-populated\">\n\t\t\t\t\t\t\t<\/div>\n\t\t<\/div>\n\t\t\t\t\t<\/div>\n\t\t<\/section>\n\t\t\t\t<\/div>\n\t\t\t\t<\/div>\n\t\t\t\t\t\t<\/div>\n\t\t\t\t<\/div>\n\t\t\t\t\t<\/div>\n\t\t\t\t<\/div>\n\t\t<div class=\"elementor-element elementor-element-3209bfa e-flex e-con-boxed e-con e-parent\" data-id=\"3209bfa\" data-element_type=\"container\" data-settings=\"{&quot;ekit_has_onepagescroll_dot&quot;:&quot;yes&quot;}\">\n\t\t\t\t\t<div class=\"e-con-inner\">\n\t\t<div class=\"elementor-element elementor-element-6c2533f e-con-full e-flex e-con e-child\" data-id=\"6c2533f\" data-element_type=\"container\" data-settings=\"{&quot;ekit_has_onepagescroll_dot&quot;:&quot;yes&quot;}\">\n\t\t\t\t<div class=\"elementor-element elementor-element-2a4da1d elementor-grid-3 elementor-grid-tablet-2 elementor-grid-mobile-1 elementor-posts--thumbnail-top elementor-card-shadow-yes elementor-posts__hover-gradient elementor-widget elementor-widget-posts\" data-id=\"2a4da1d\" data-element_type=\"widget\" data-settings=\"{&quot;pagination_type&quot;:&quot;load_more_infinite_scroll&quot;,&quot;cards_columns&quot;:&quot;3&quot;,&quot;cards_columns_tablet&quot;:&quot;2&quot;,&quot;cards_columns_mobile&quot;:&quot;1&quot;,&quot;cards_row_gap&quot;:{&quot;unit&quot;:&quot;px&quot;,&quot;size&quot;:35,&quot;sizes&quot;:[]},&quot;cards_row_gap_tablet&quot;:{&quot;unit&quot;:&quot;px&quot;,&quot;size&quot;:&quot;&quot;,&quot;sizes&quot;:[]},&quot;cards_row_gap_mobile&quot;:{&quot;unit&quot;:&quot;px&quot;,&quot;size&quot;:&quot;&quot;,&quot;sizes&quot;:[]},&quot;load_more_spinner&quot;:{&quot;value&quot;:&quot;fas fa-spinner&quot;,&quot;library&quot;:&quot;fa-solid&quot;},&quot;ekit_we_effect_on&quot;:&quot;none&quot;}\" data-widget_type=\"posts.cards\">\n\t\t\t\t<div class=\"elementor-widget-container\">\n\t\t\t\t\t\t\t<div class=\"elementor-posts-container elementor-posts elementor-posts--skin-cards elementor-grid\">\n\t\t\t\t<article class=\"elementor-post elementor-grid-item post-2654 post type-post status-publish format-standard has-post-thumbnail hentry category-noticias tag-campus-petrolina tag-ifsertaope\">\n\t\t\t<div class=\"elementor-post__card\">\n\t\t\t\t<a class=\"elementor-post__thumbnail__link\" href=\"https:\/\/sinasefesertaope.com\/site\/reuniao-entre-sinasefe-e-direcao-geral-do-campus-petrolina-aborda-procedimentos-adotados-pela-gestao-em-dias-de-paralisacao\/\" tabindex=\"-1\" ><div class=\"elementor-post__thumbnail\"><img fetchpriority=\"high\" decoding=\"async\" width=\"300\" height=\"169\" src=\"https:\/\/sinasefesertaope.com\/site\/wp-content\/uploads\/2026\/04\/2-IMG_8794-300x169.jpg\" class=\"attachment-medium size-medium wp-image-2658\" alt=\"\" srcset=\"https:\/\/sinasefesertaope.com\/site\/wp-content\/uploads\/2026\/04\/2-IMG_8794-300x169.jpg 300w, https:\/\/sinasefesertaope.com\/site\/wp-content\/uploads\/2026\/04\/2-IMG_8794-1024x576.jpg 1024w, https:\/\/sinasefesertaope.com\/site\/wp-content\/uploads\/2026\/04\/2-IMG_8794-768x432.jpg 768w, https:\/\/sinasefesertaope.com\/site\/wp-content\/uploads\/2026\/04\/2-IMG_8794-1536x863.jpg 1536w, https:\/\/sinasefesertaope.com\/site\/wp-content\/uploads\/2026\/04\/2-IMG_8794.jpg 2048w\" sizes=\"(max-width: 300px) 100vw, 300px\" \/><\/div><\/a>\n\t\t\t\t<div class=\"elementor-post__badge\">Not\u00edcias<\/div>\n\t\t\t\t<div class=\"elementor-post__text\">\n\t\t\t\t<h3 class=\"elementor-post__title\">\n\t\t\t<a href=\"https:\/\/sinasefesertaope.com\/site\/reuniao-entre-sinasefe-e-direcao-geral-do-campus-petrolina-aborda-procedimentos-adotados-pela-gestao-em-dias-de-paralisacao\/\" >\n\t\t\t\tReuni\u00e3o entre SINASEFE e Dire\u00e7\u00e3o Geral do Campus Petrolina aborda procedimentos adotados pela gest\u00e3o em dias de paralisa\u00e7\u00e3o\t\t\t<\/a>\n\t\t<\/h3>\n\t\t\t\t\t<div class=\"elementor-post__read-more-wrapper\">\n\t\t\n\t\t<a class=\"elementor-post__read-more\" href=\"https:\/\/sinasefesertaope.com\/site\/reuniao-entre-sinasefe-e-direcao-geral-do-campus-petrolina-aborda-procedimentos-adotados-pela-gestao-em-dias-de-paralisacao\/\" aria-label=\"Read more about Reuni\u00e3o entre SINASEFE e Dire\u00e7\u00e3o Geral do Campus Petrolina aborda procedimentos adotados pela gest\u00e3o em dias de paralisa\u00e7\u00e3o\" tabindex=\"-1\" >\n\t\t\tVer mais &gt;&gt;\t\t<\/a>\n\n\t\t\t\t\t<\/div>\n\t\t\t\t<\/div>\n\t\t\t\t<div class=\"elementor-post__meta-data\">\n\t\t\t\t\t<span class=\"elementor-post-date\">\n\t\t\t15 de abril de 2026\t\t<\/span>\n\t\t\t\t<span class=\"elementor-post-avatar\">\n\t\t\tNenhum coment\u00e1rio\t\t<\/span>\n\t\t\t\t<\/div>\n\t\t\t\t\t<\/div>\n\t\t<\/article>\n\t\t\t\t<article class=\"elementor-post elementor-grid-item post-2648 post type-post status-publish format-standard has-post-thumbnail hentry category-noticias tag-sinasefe-nacional\">\n\t\t\t<div class=\"elementor-post__card\">\n\t\t\t\t<a class=\"elementor-post__thumbnail__link\" href=\"https:\/\/sinasefesertaope.com\/site\/mulheres-em-luta-e-resistencia-sinasefe-ifsertaope-marca-presenca-no-encontro-nacional-de-mulheres\/\" tabindex=\"-1\" ><div class=\"elementor-post__thumbnail\"><img decoding=\"async\" width=\"300\" height=\"210\" src=\"https:\/\/sinasefesertaope.com\/site\/wp-content\/uploads\/2026\/04\/15-04-2026-capa-enms-300x210.jpg\" class=\"attachment-medium size-medium wp-image-2652\" alt=\"\" srcset=\"https:\/\/sinasefesertaope.com\/site\/wp-content\/uploads\/2026\/04\/15-04-2026-capa-enms-300x210.jpg 300w, https:\/\/sinasefesertaope.com\/site\/wp-content\/uploads\/2026\/04\/15-04-2026-capa-enms-1024x717.jpg 1024w, https:\/\/sinasefesertaope.com\/site\/wp-content\/uploads\/2026\/04\/15-04-2026-capa-enms-768x538.jpg 768w, https:\/\/sinasefesertaope.com\/site\/wp-content\/uploads\/2026\/04\/15-04-2026-capa-enms.jpg 1280w\" sizes=\"(max-width: 300px) 100vw, 300px\" \/><\/div><\/a>\n\t\t\t\t<div class=\"elementor-post__badge\">Not\u00edcias<\/div>\n\t\t\t\t<div class=\"elementor-post__text\">\n\t\t\t\t<h3 class=\"elementor-post__title\">\n\t\t\t<a href=\"https:\/\/sinasefesertaope.com\/site\/mulheres-em-luta-e-resistencia-sinasefe-ifsertaope-marca-presenca-no-encontro-nacional-de-mulheres\/\" >\n\t\t\t\tMulheres em luta e resist\u00eancia: SINASEFE IFSert\u00e3oPE marca presen\u00e7a no Encontro Nacional de Mulheres\t\t\t<\/a>\n\t\t<\/h3>\n\t\t\t\t\t<div class=\"elementor-post__read-more-wrapper\">\n\t\t\n\t\t<a class=\"elementor-post__read-more\" href=\"https:\/\/sinasefesertaope.com\/site\/mulheres-em-luta-e-resistencia-sinasefe-ifsertaope-marca-presenca-no-encontro-nacional-de-mulheres\/\" aria-label=\"Read more about Mulheres em luta e resist\u00eancia: SINASEFE IFSert\u00e3oPE marca presen\u00e7a no Encontro Nacional de Mulheres\" tabindex=\"-1\" >\n\t\t\tVer mais &gt;&gt;\t\t<\/a>\n\n\t\t\t\t\t<\/div>\n\t\t\t\t<\/div>\n\t\t\t\t<div class=\"elementor-post__meta-data\">\n\t\t\t\t\t<span class=\"elementor-post-date\">\n\t\t\t15 de abril de 2026\t\t<\/span>\n\t\t\t\t<span class=\"elementor-post-avatar\">\n\t\t\tNenhum coment\u00e1rio\t\t<\/span>\n\t\t\t\t<\/div>\n\t\t\t\t\t<\/div>\n\t\t<\/article>\n\t\t\t\t<article class=\"elementor-post elementor-grid-item post-2635 post type-post status-publish format-standard has-post-thumbnail hentry category-noticias tag-ifsertaope tag-mesa-permanente-de-negociacao\">\n\t\t\t<div class=\"elementor-post__card\">\n\t\t\t\t<a class=\"elementor-post__thumbnail__link\" href=\"https:\/\/sinasefesertaope.com\/site\/2a-reuniao-da-mesa-permanente-de-negociacao-e-confirmada-para-esta-sexta-17-apos-pedido-do-sinasefe-ifsertaope\/\" tabindex=\"-1\" ><div class=\"elementor-post__thumbnail\"><img decoding=\"async\" width=\"300\" height=\"225\" src=\"https:\/\/sinasefesertaope.com\/site\/wp-content\/uploads\/2026\/04\/IMG_7578-300x225.jpeg\" class=\"attachment-medium size-medium wp-image-2644\" alt=\"\" srcset=\"https:\/\/sinasefesertaope.com\/site\/wp-content\/uploads\/2026\/04\/IMG_7578-300x225.jpeg 300w, https:\/\/sinasefesertaope.com\/site\/wp-content\/uploads\/2026\/04\/IMG_7578-1024x768.jpeg 1024w, https:\/\/sinasefesertaope.com\/site\/wp-content\/uploads\/2026\/04\/IMG_7578-768x576.jpeg 768w, https:\/\/sinasefesertaope.com\/site\/wp-content\/uploads\/2026\/04\/IMG_7578-1536x1152.jpeg 1536w, https:\/\/sinasefesertaope.com\/site\/wp-content\/uploads\/2026\/04\/IMG_7578.jpeg 2048w\" sizes=\"(max-width: 300px) 100vw, 300px\" \/><\/div><\/a>\n\t\t\t\t<div class=\"elementor-post__badge\">Not\u00edcias<\/div>\n\t\t\t\t<div class=\"elementor-post__text\">\n\t\t\t\t<h3 class=\"elementor-post__title\">\n\t\t\t<a href=\"https:\/\/sinasefesertaope.com\/site\/2a-reuniao-da-mesa-permanente-de-negociacao-e-confirmada-para-esta-sexta-17-apos-pedido-do-sinasefe-ifsertaope\/\" >\n\t\t\t\t2\u00aa Reuni\u00e3o da Mesa Permanente de Negocia\u00e7\u00e3o \u00e9 confirmada para esta sexta (17), ap\u00f3s pedido do SINASEFE IFSert\u00e3oPE\t\t\t<\/a>\n\t\t<\/h3>\n\t\t\t\t\t<div class=\"elementor-post__read-more-wrapper\">\n\t\t\n\t\t<a class=\"elementor-post__read-more\" href=\"https:\/\/sinasefesertaope.com\/site\/2a-reuniao-da-mesa-permanente-de-negociacao-e-confirmada-para-esta-sexta-17-apos-pedido-do-sinasefe-ifsertaope\/\" aria-label=\"Read more about 2\u00aa Reuni\u00e3o da Mesa Permanente de Negocia\u00e7\u00e3o \u00e9 confirmada para esta sexta (17), ap\u00f3s pedido do SINASEFE IFSert\u00e3oPE\" tabindex=\"-1\" >\n\t\t\tVer mais &gt;&gt;\t\t<\/a>\n\n\t\t\t\t\t<\/div>\n\t\t\t\t<\/div>\n\t\t\t\t<div class=\"elementor-post__meta-data\">\n\t\t\t\t\t<span class=\"elementor-post-date\">\n\t\t\t14 de abril de 2026\t\t<\/span>\n\t\t\t\t<span class=\"elementor-post-avatar\">\n\t\t\tNenhum coment\u00e1rio\t\t<\/span>\n\t\t\t\t<\/div>\n\t\t\t\t\t<\/div>\n\t\t<\/article>\n\t\t\t\t<article class=\"elementor-post elementor-grid-item post-2631 post type-post status-publish format-standard has-post-thumbnail hentry category-noticias tag-sinasefe-ifsertaope\">\n\t\t\t<div class=\"elementor-post__card\">\n\t\t\t\t<a class=\"elementor-post__thumbnail__link\" href=\"https:\/\/sinasefesertaope.com\/site\/com-novas-adesoes-sinasefe-ifsertaope-supera-marca-historica-e-ultrapassa-200-filiacoes\/\" tabindex=\"-1\" ><div class=\"elementor-post__thumbnail\"><img loading=\"lazy\" decoding=\"async\" width=\"300\" height=\"169\" src=\"https:\/\/sinasefesertaope.com\/site\/wp-content\/uploads\/2026\/04\/07-04-26-novas-filiacoes-300x169.jpg\" class=\"attachment-medium size-medium wp-image-2632\" alt=\"\" srcset=\"https:\/\/sinasefesertaope.com\/site\/wp-content\/uploads\/2026\/04\/07-04-26-novas-filiacoes-300x169.jpg 300w, https:\/\/sinasefesertaope.com\/site\/wp-content\/uploads\/2026\/04\/07-04-26-novas-filiacoes-768x434.jpg 768w, https:\/\/sinasefesertaope.com\/site\/wp-content\/uploads\/2026\/04\/07-04-26-novas-filiacoes.jpg 1024w\" sizes=\"(max-width: 300px) 100vw, 300px\" \/><\/div><\/a>\n\t\t\t\t<div class=\"elementor-post__badge\">Not\u00edcias<\/div>\n\t\t\t\t<div class=\"elementor-post__text\">\n\t\t\t\t<h3 class=\"elementor-post__title\">\n\t\t\t<a href=\"https:\/\/sinasefesertaope.com\/site\/com-novas-adesoes-sinasefe-ifsertaope-supera-marca-historica-e-ultrapassa-200-filiacoes\/\" >\n\t\t\t\tCom novas ades\u00f5es, SINASEFE IFSert\u00e3oPE supera marca hist\u00f3rica e ultrapassa 200 filia\u00e7\u00f5es\t\t\t<\/a>\n\t\t<\/h3>\n\t\t\t\t\t<div class=\"elementor-post__read-more-wrapper\">\n\t\t\n\t\t<a class=\"elementor-post__read-more\" href=\"https:\/\/sinasefesertaope.com\/site\/com-novas-adesoes-sinasefe-ifsertaope-supera-marca-historica-e-ultrapassa-200-filiacoes\/\" aria-label=\"Read more about Com novas ades\u00f5es, SINASEFE IFSert\u00e3oPE supera marca hist\u00f3rica e ultrapassa 200 filia\u00e7\u00f5es\" tabindex=\"-1\" >\n\t\t\tVer mais &gt;&gt;\t\t<\/a>\n\n\t\t\t\t\t<\/div>\n\t\t\t\t<\/div>\n\t\t\t\t<div class=\"elementor-post__meta-data\">\n\t\t\t\t\t<span class=\"elementor-post-date\">\n\t\t\t7 de abril de 2026\t\t<\/span>\n\t\t\t\t<span class=\"elementor-post-avatar\">\n\t\t\tNenhum coment\u00e1rio\t\t<\/span>\n\t\t\t\t<\/div>\n\t\t\t\t\t<\/div>\n\t\t<\/article>\n\t\t\t\t<article class=\"elementor-post elementor-grid-item post-2621 post type-post status-publish format-standard has-post-thumbnail hentry category-noticias tag-paralisacao-nacional tag-reitoria\">\n\t\t\t<div class=\"elementor-post__card\">\n\t\t\t\t<a class=\"elementor-post__thumbnail__link\" href=\"https:\/\/sinasefesertaope.com\/site\/pelo-cumprimento-dos-acordos-de-greve-sinasefe-ifsertaope-realiza-roda-de-conversa-durante-paralisacao-nacional\/\" tabindex=\"-1\" ><div class=\"elementor-post__thumbnail\"><img loading=\"lazy\" decoding=\"async\" width=\"300\" height=\"169\" src=\"https:\/\/sinasefesertaope.com\/site\/wp-content\/uploads\/2026\/04\/5-PHOTO-2026-04-01-13-47-01-300x169.jpg\" class=\"attachment-medium size-medium wp-image-2622\" alt=\"\" srcset=\"https:\/\/sinasefesertaope.com\/site\/wp-content\/uploads\/2026\/04\/5-PHOTO-2026-04-01-13-47-01-300x169.jpg 300w, https:\/\/sinasefesertaope.com\/site\/wp-content\/uploads\/2026\/04\/5-PHOTO-2026-04-01-13-47-01-1024x576.jpg 1024w, https:\/\/sinasefesertaope.com\/site\/wp-content\/uploads\/2026\/04\/5-PHOTO-2026-04-01-13-47-01-768x432.jpg 768w, https:\/\/sinasefesertaope.com\/site\/wp-content\/uploads\/2026\/04\/5-PHOTO-2026-04-01-13-47-01.jpg 1280w\" sizes=\"(max-width: 300px) 100vw, 300px\" \/><\/div><\/a>\n\t\t\t\t<div class=\"elementor-post__badge\">Not\u00edcias<\/div>\n\t\t\t\t<div class=\"elementor-post__text\">\n\t\t\t\t<h3 class=\"elementor-post__title\">\n\t\t\t<a href=\"https:\/\/sinasefesertaope.com\/site\/pelo-cumprimento-dos-acordos-de-greve-sinasefe-ifsertaope-realiza-roda-de-conversa-durante-paralisacao-nacional\/\" >\n\t\t\t\tPelo cumprimento dos acordos de greve, SINASEFE IFSert\u00e3oPE realiza roda de conversa durante paralisa\u00e7\u00e3o nacional\t\t\t<\/a>\n\t\t<\/h3>\n\t\t\t\t\t<div class=\"elementor-post__read-more-wrapper\">\n\t\t\n\t\t<a class=\"elementor-post__read-more\" href=\"https:\/\/sinasefesertaope.com\/site\/pelo-cumprimento-dos-acordos-de-greve-sinasefe-ifsertaope-realiza-roda-de-conversa-durante-paralisacao-nacional\/\" aria-label=\"Read more about Pelo cumprimento dos acordos de greve, SINASEFE IFSert\u00e3oPE realiza roda de conversa durante paralisa\u00e7\u00e3o nacional\" tabindex=\"-1\" >\n\t\t\tVer mais &gt;&gt;\t\t<\/a>\n\n\t\t\t\t\t<\/div>\n\t\t\t\t<\/div>\n\t\t\t\t<div class=\"elementor-post__meta-data\">\n\t\t\t\t\t<span class=\"elementor-post-date\">\n\t\t\t1 de abril de 2026\t\t<\/span>\n\t\t\t\t<span class=\"elementor-post-avatar\">\n\t\t\tNenhum coment\u00e1rio\t\t<\/span>\n\t\t\t\t<\/div>\n\t\t\t\t\t<\/div>\n\t\t<\/article>\n\t\t\t\t<article class=\"elementor-post elementor-grid-item post-2614 post type-post status-publish format-standard has-post-thumbnail hentry category-noticias tag-rsc tag-taes\">\n\t\t\t<div class=\"elementor-post__card\">\n\t\t\t\t<a class=\"elementor-post__thumbnail__link\" href=\"https:\/\/sinasefesertaope.com\/site\/sinasefe-passa-a-integrar-grupo-de-trabalho-que-vai-implementar-o-rsc-para-taes-no-ifsertaope\/\" tabindex=\"-1\" ><div class=\"elementor-post__thumbnail\"><img loading=\"lazy\" decoding=\"async\" width=\"300\" height=\"157\" src=\"https:\/\/sinasefesertaope.com\/site\/wp-content\/uploads\/2026\/03\/gt-rsc-tae-ifspe-300x157.png\" class=\"attachment-medium size-medium wp-image-2615\" alt=\"\" srcset=\"https:\/\/sinasefesertaope.com\/site\/wp-content\/uploads\/2026\/03\/gt-rsc-tae-ifspe-300x157.png 300w, https:\/\/sinasefesertaope.com\/site\/wp-content\/uploads\/2026\/03\/gt-rsc-tae-ifspe.png 600w\" sizes=\"(max-width: 300px) 100vw, 300px\" \/><\/div><\/a>\n\t\t\t\t<div class=\"elementor-post__badge\">Not\u00edcias<\/div>\n\t\t\t\t<div class=\"elementor-post__text\">\n\t\t\t\t<h3 class=\"elementor-post__title\">\n\t\t\t<a href=\"https:\/\/sinasefesertaope.com\/site\/sinasefe-passa-a-integrar-grupo-de-trabalho-que-vai-implementar-o-rsc-para-taes-no-ifsertaope\/\" >\n\t\t\t\tSINASEFE passa a integrar grupo de trabalho que vai implementar o RSC para TAEs no IFSert\u00e3oPE\t\t\t<\/a>\n\t\t<\/h3>\n\t\t\t\t\t<div class=\"elementor-post__read-more-wrapper\">\n\t\t\n\t\t<a class=\"elementor-post__read-more\" href=\"https:\/\/sinasefesertaope.com\/site\/sinasefe-passa-a-integrar-grupo-de-trabalho-que-vai-implementar-o-rsc-para-taes-no-ifsertaope\/\" aria-label=\"Read more about SINASEFE passa a integrar grupo de trabalho que vai implementar o RSC para TAEs no IFSert\u00e3oPE\" tabindex=\"-1\" >\n\t\t\tVer mais &gt;&gt;\t\t<\/a>\n\n\t\t\t\t\t<\/div>\n\t\t\t\t<\/div>\n\t\t\t\t<div class=\"elementor-post__meta-data\">\n\t\t\t\t\t<span class=\"elementor-post-date\">\n\t\t\t1 de abril de 2026\t\t<\/span>\n\t\t\t\t<span class=\"elementor-post-avatar\">\n\t\t\tNenhum coment\u00e1rio\t\t<\/span>\n\t\t\t\t<\/div>\n\t\t\t\t\t<\/div>\n\t\t<\/article>\n\t\t\t\t<\/div>\n\t\t\t\t\t<span class=\"e-load-more-spinner\">\n\t\t\t\t<i aria-hidden=\"true\" class=\"fas fa-spinner\"><\/i>\t\t\t<\/span>\n\t\t\n\t\t\t\t<div class=\"e-load-more-anchor\" data-page=\"1\" data-max-page=\"25\" data-next-page=\"https:\/\/sinasefesertaope.com\/site\/wp-json\/wp\/v2\/pages\/381\/page\/2\/\"><\/div>\n\t\t\t\t<div class=\"e-load-more-message\"><\/div>\n\t\t\t\t\t\t<\/div>\n\t\t\t\t<\/div>\n\t\t\t\t<\/div>\n\t\t\t\t\t<\/div>\n\t\t\t\t<\/div>\n\t\t\t\t<\/div>\n\t\t","protected":false},"excerpt":{"rendered":"","protected":false},"author":1,"featured_media":0,"parent":0,"menu_order":0,"comment_status":"closed","ping_status":"closed","template":"","meta":{"footnotes":""},"class_list":["post-381","page","type-page","status-publish","hentry"],"_links":{"self":[{"href":"https:\/\/sinasefesertaope.com\/site\/wp-json\/wp\/v2\/pages\/381","targetHints":{"allow":["GET"]}}],"collection":[{"href":"https:\/\/sinasefesertaope.com\/site\/wp-json\/wp\/v2\/pages"}],"about":[{"href":"https:\/\/sinasefesertaope.com\/site\/wp-json\/wp\/v2\/types\/page"}],"author":[{"embeddable":true,"href":"https:\/\/sinasefesertaope.com\/site\/wp-json\/wp\/v2\/users\/1"}],"replies":[{"embeddable":true,"href":"https:\/\/sinasefesertaope.com\/site\/wp-json\/wp\/v2\/comments?post=381"}],"version-history":[{"count":40,"href":"https:\/\/sinasefesertaope.com\/site\/wp-json\/wp\/v2\/pages\/381\/revisions"}],"predecessor-version":[{"id":1160,"href":"https:\/\/sinasefesertaope.com\/site\/wp-json\/wp\/v2\/pages\/381\/revisions\/1160"}],"wp:attachment":[{"href":"https:\/\/sinasefesertaope.com\/site\/wp-json\/wp\/v2\/media?parent=381"}],"curies":[{"name":"wp","href":"https:\/\/api.w.org\/{rel}","templated":true}]}}