{"id":385,"date":"2023-05-16T15:37:32","date_gmt":"2023-05-16T18:37:32","guid":{"rendered":"https:\/\/sinasefesertaope.com\/site\/?page_id=385"},"modified":"2025-01-20T16:00:47","modified_gmt":"2025-01-20T19:00:47","slug":"notas","status":"publish","type":"page","link":"https:\/\/sinasefesertaope.com\/site\/notas\/","title":{"rendered":"Notas"},"content":{"rendered":"\t\t<div data-elementor-type=\"wp-page\" data-elementor-id=\"385\" class=\"elementor elementor-385\" data-elementor-post-type=\"page\">\n\t\t\t\t<div class=\"elementor-element elementor-element-d3fbfb6 e-flex e-con-boxed e-con e-parent\" data-id=\"d3fbfb6\" data-element_type=\"container\" data-settings=\"{&quot;ekit_has_onepagescroll_dot&quot;:&quot;yes&quot;}\">\n\t\t\t\t\t<div class=\"e-con-inner\">\n\t\t\t\t<div class=\"elementor-element elementor-element-24a3613 elementor-widget elementor-widget-template\" data-id=\"24a3613\" data-element_type=\"widget\" data-settings=\"{&quot;ekit_we_effect_on&quot;:&quot;none&quot;}\" data-widget_type=\"template.default\">\n\t\t\t\t<div class=\"elementor-widget-container\">\n\t\t\t\t\t\t\t<div class=\"elementor-template\">\n\t\t\t\t\t<div data-elementor-type=\"section\" data-elementor-id=\"1057\" class=\"elementor elementor-1057\" data-elementor-post-type=\"elementor_library\">\n\t\t\t\t\t<section class=\"elementor-section elementor-top-section elementor-element elementor-element-40d21bea elementor-section-full_width elementor-section-height-min-height elementor-section-height-default elementor-section-items-middle\" data-id=\"40d21bea\" data-element_type=\"section\" data-settings=\"{&quot;background_background&quot;:&quot;classic&quot;,&quot;ekit_has_onepagescroll_dot&quot;:&quot;yes&quot;}\">\n\t\t\t\t\t\t\t<div class=\"elementor-background-overlay\"><\/div>\n\t\t\t\t\t\t\t<div class=\"elementor-container elementor-column-gap-default\">\n\t\t\t\t\t<div class=\"elementor-column elementor-col-100 elementor-top-column elementor-element elementor-element-55a2bfaf\" data-id=\"55a2bfaf\" data-element_type=\"column\">\n\t\t\t<div class=\"elementor-widget-wrap elementor-element-populated\">\n\t\t\t\t\t\t\t<\/div>\n\t\t<\/div>\n\t\t\t\t\t<\/div>\n\t\t<\/section>\n\t\t\t\t<\/div>\n\t\t\t\t<\/div>\n\t\t\t\t\t\t<\/div>\n\t\t\t\t<\/div>\n\t\t\t\t\t<\/div>\n\t\t\t\t<\/div>\n\t\t<div class=\"elementor-element elementor-element-e2481fa e-flex e-con-boxed e-con e-parent\" data-id=\"e2481fa\" data-element_type=\"container\" data-settings=\"{&quot;ekit_has_onepagescroll_dot&quot;:&quot;yes&quot;}\">\n\t\t\t\t\t<div class=\"e-con-inner\">\n\t\t<div class=\"elementor-element elementor-element-aa3f2a2 e-con-full e-flex e-con e-child\" data-id=\"aa3f2a2\" data-element_type=\"container\" data-settings=\"{&quot;ekit_has_onepagescroll_dot&quot;:&quot;yes&quot;}\">\n\t\t\t\t<div class=\"elementor-element elementor-element-aa60ffc elementor-grid-3 elementor-grid-tablet-2 elementor-grid-mobile-1 elementor-posts--thumbnail-top elementor-widget elementor-widget-posts\" data-id=\"aa60ffc\" data-element_type=\"widget\" data-settings=\"{&quot;pagination_type&quot;:&quot;load_more_infinite_scroll&quot;,&quot;classic_columns&quot;:&quot;3&quot;,&quot;classic_columns_tablet&quot;:&quot;2&quot;,&quot;classic_columns_mobile&quot;:&quot;1&quot;,&quot;classic_row_gap&quot;:{&quot;unit&quot;:&quot;px&quot;,&quot;size&quot;:35,&quot;sizes&quot;:[]},&quot;classic_row_gap_tablet&quot;:{&quot;unit&quot;:&quot;px&quot;,&quot;size&quot;:&quot;&quot;,&quot;sizes&quot;:[]},&quot;classic_row_gap_mobile&quot;:{&quot;unit&quot;:&quot;px&quot;,&quot;size&quot;:&quot;&quot;,&quot;sizes&quot;:[]},&quot;load_more_spinner&quot;:{&quot;value&quot;:&quot;fas fa-spinner&quot;,&quot;library&quot;:&quot;fa-solid&quot;},&quot;ekit_we_effect_on&quot;:&quot;none&quot;}\" data-widget_type=\"posts.classic\">\n\t\t\t\t<div class=\"elementor-widget-container\">\n\t\t\t\t\t\t\t<div class=\"elementor-posts-container elementor-posts elementor-posts--skin-classic elementor-grid\">\n\t\t\t\t<article class=\"elementor-post elementor-grid-item post-2432 post type-post status-publish format-standard has-post-thumbnail hentry category-notas category-noticias tag-assessoria-juridica tag-ifsertaope tag-sinasefe-ifsertaope tag-sinasefe-nacional\">\n\t\t\t\t<a class=\"elementor-post__thumbnail__link\" href=\"https:\/\/sinasefesertaope.com\/site\/posicionamento-do-sinasefe-ifsertaope-em-relacao-a-casos-de-perseguicao-a-servidores-as-em-licenca-medica\/\" tabindex=\"-1\" >\n\t\t\t<div class=\"elementor-post__thumbnail\"><img fetchpriority=\"high\" decoding=\"async\" width=\"300\" height=\"169\" src=\"https:\/\/sinasefesertaope.com\/site\/wp-content\/uploads\/2025\/10\/SITE-SSPE-7-300x169.png\" class=\"attachment-medium size-medium wp-image-2433\" alt=\"\" srcset=\"https:\/\/sinasefesertaope.com\/site\/wp-content\/uploads\/2025\/10\/SITE-SSPE-7-300x169.png 300w, https:\/\/sinasefesertaope.com\/site\/wp-content\/uploads\/2025\/10\/SITE-SSPE-7-768x434.png 768w, https:\/\/sinasefesertaope.com\/site\/wp-content\/uploads\/2025\/10\/SITE-SSPE-7.png 1024w\" sizes=\"(max-width: 300px) 100vw, 300px\" \/><\/div>\n\t\t<\/a>\n\t\t\t\t<div class=\"elementor-post__text\">\n\t\t\t\t<h3 class=\"elementor-post__title\">\n\t\t\t<a href=\"https:\/\/sinasefesertaope.com\/site\/posicionamento-do-sinasefe-ifsertaope-em-relacao-a-casos-de-perseguicao-a-servidores-as-em-licenca-medica\/\" >\n\t\t\t\tPosicionamento do SINASEFE IFSert\u00e3oPE em rela\u00e7\u00e3o a casos de persegui\u00e7\u00e3o a servidores\/as em licen\u00e7a m\u00e9dica\t\t\t<\/a>\n\t\t<\/h3>\n\t\t\t\t<div class=\"elementor-post__meta-data\">\n\t\t\t\t\t<span class=\"elementor-post-date\">\n\t\t\t24 de outubro de 2025\t\t<\/span>\n\t\t\t\t<span class=\"elementor-post-avatar\">\n\t\t\tNenhum coment\u00e1rio\t\t<\/span>\n\t\t\t\t<\/div>\n\t\t\t\t<div class=\"elementor-post__excerpt\">\n\t\t\t<p>O SINASEFE IFSert\u00e3oPE manifesta sua profunda preocupa\u00e7\u00e3o e rep\u00fadio diante de relatos de servidores e servidoras que, durante o per\u00edodo de licen\u00e7a m\u00e9dica, t\u00eam sido<\/p>\n\t\t<\/div>\n\t\t\t\t\t<div class=\"elementor-post__read-more-wrapper\">\n\t\t\n\t\t<a class=\"elementor-post__read-more\" href=\"https:\/\/sinasefesertaope.com\/site\/posicionamento-do-sinasefe-ifsertaope-em-relacao-a-casos-de-perseguicao-a-servidores-as-em-licenca-medica\/\" aria-label=\"Read more about Posicionamento do SINASEFE IFSert\u00e3oPE em rela\u00e7\u00e3o a casos de persegui\u00e7\u00e3o a servidores\/as em licen\u00e7a m\u00e9dica\" tabindex=\"-1\" >\n\t\t\tVer mais \u00bb\t\t<\/a>\n\n\t\t\t\t\t<\/div>\n\t\t\t\t<\/div>\n\t\t\t\t<\/article>\n\t\t\t\t<article class=\"elementor-post elementor-grid-item post-2425 post type-post status-publish format-standard has-post-thumbnail hentry category-notas category-noticias tag-ifsertaope tag-sinasefe-ifsertaope\">\n\t\t\t\t<a class=\"elementor-post__thumbnail__link\" href=\"https:\/\/sinasefesertaope.com\/site\/pelo-respeito-pela-diversidade-e-pela-protecao-ao-trabalho-de-servidores-e-servidoras-do-ifsertaope\/\" tabindex=\"-1\" >\n\t\t\t<div class=\"elementor-post__thumbnail\"><img decoding=\"async\" width=\"300\" height=\"169\" src=\"https:\/\/sinasefesertaope.com\/site\/wp-content\/uploads\/2025\/10\/SITE-SSPE-6-300x169.png\" class=\"attachment-medium size-medium wp-image-2426\" alt=\"\" srcset=\"https:\/\/sinasefesertaope.com\/site\/wp-content\/uploads\/2025\/10\/SITE-SSPE-6-300x169.png 300w, https:\/\/sinasefesertaope.com\/site\/wp-content\/uploads\/2025\/10\/SITE-SSPE-6-768x434.png 768w, https:\/\/sinasefesertaope.com\/site\/wp-content\/uploads\/2025\/10\/SITE-SSPE-6.png 1024w\" sizes=\"(max-width: 300px) 100vw, 300px\" \/><\/div>\n\t\t<\/a>\n\t\t\t\t<div class=\"elementor-post__text\">\n\t\t\t\t<h3 class=\"elementor-post__title\">\n\t\t\t<a href=\"https:\/\/sinasefesertaope.com\/site\/pelo-respeito-pela-diversidade-e-pela-protecao-ao-trabalho-de-servidores-e-servidoras-do-ifsertaope\/\" >\n\t\t\t\tPelo respeito, pela diversidade e pela prote\u00e7\u00e3o ao trabalho de servidores e servidoras do IFSert\u00e3oPE\t\t\t<\/a>\n\t\t<\/h3>\n\t\t\t\t<div class=\"elementor-post__meta-data\">\n\t\t\t\t\t<span class=\"elementor-post-date\">\n\t\t\t23 de outubro de 2025\t\t<\/span>\n\t\t\t\t<span class=\"elementor-post-avatar\">\n\t\t\tNenhum coment\u00e1rio\t\t<\/span>\n\t\t\t\t<\/div>\n\t\t\t\t<div class=\"elementor-post__excerpt\">\n\t\t\t<p>O SINASEFE IFSert\u00e3oPE vem a p\u00fablico manifestar sua preocupa\u00e7\u00e3o diante da situa\u00e7\u00e3o ocorrida ap\u00f3s a realiza\u00e7\u00e3o do II Encontro Diversidade e Inclus\u00e3o, promovido no Campus<\/p>\n\t\t<\/div>\n\t\t\t\t\t<div class=\"elementor-post__read-more-wrapper\">\n\t\t\n\t\t<a class=\"elementor-post__read-more\" href=\"https:\/\/sinasefesertaope.com\/site\/pelo-respeito-pela-diversidade-e-pela-protecao-ao-trabalho-de-servidores-e-servidoras-do-ifsertaope\/\" aria-label=\"Read more about Pelo respeito, pela diversidade e pela prote\u00e7\u00e3o ao trabalho de servidores e servidoras do IFSert\u00e3oPE\" tabindex=\"-1\" >\n\t\t\tVer mais \u00bb\t\t<\/a>\n\n\t\t\t\t\t<\/div>\n\t\t\t\t<\/div>\n\t\t\t\t<\/article>\n\t\t\t\t<article class=\"elementor-post elementor-grid-item post-2400 post type-post status-publish format-standard has-post-thumbnail hentry category-notas\">\n\t\t\t\t<a class=\"elementor-post__thumbnail__link\" href=\"https:\/\/sinasefesertaope.com\/site\/nota-oficial-apoio-as-trabalhadoras-demitidas-da-rede-municipal-de-educacao-de-petrolina\/\" tabindex=\"-1\" >\n\t\t\t<div class=\"elementor-post__thumbnail\"><img decoding=\"async\" width=\"300\" height=\"169\" src=\"https:\/\/sinasefesertaope.com\/site\/wp-content\/uploads\/2025\/10\/SITE-SSPE-300x169.jpg\" class=\"attachment-medium size-medium wp-image-2401\" alt=\"\" srcset=\"https:\/\/sinasefesertaope.com\/site\/wp-content\/uploads\/2025\/10\/SITE-SSPE-300x169.jpg 300w, https:\/\/sinasefesertaope.com\/site\/wp-content\/uploads\/2025\/10\/SITE-SSPE-768x434.jpg 768w, https:\/\/sinasefesertaope.com\/site\/wp-content\/uploads\/2025\/10\/SITE-SSPE.jpg 1024w\" sizes=\"(max-width: 300px) 100vw, 300px\" \/><\/div>\n\t\t<\/a>\n\t\t\t\t<div class=\"elementor-post__text\">\n\t\t\t\t<h3 class=\"elementor-post__title\">\n\t\t\t<a href=\"https:\/\/sinasefesertaope.com\/site\/nota-oficial-apoio-as-trabalhadoras-demitidas-da-rede-municipal-de-educacao-de-petrolina\/\" >\n\t\t\t\tNota oficial: Apoio \u00e0s trabalhadoras demitidas da rede municipal de educa\u00e7\u00e3o de Petrolina\t\t\t<\/a>\n\t\t<\/h3>\n\t\t\t\t<div class=\"elementor-post__meta-data\">\n\t\t\t\t\t<span class=\"elementor-post-date\">\n\t\t\t9 de outubro de 2025\t\t<\/span>\n\t\t\t\t<span class=\"elementor-post-avatar\">\n\t\t\tNenhum coment\u00e1rio\t\t<\/span>\n\t\t\t\t<\/div>\n\t\t\t\t<div class=\"elementor-post__excerpt\">\n\t\t\t<p>O SINASEFE Se\u00e7\u00e3o IFSert\u00e3oPE manifesta seu irrestrito apoio \u00e0s trabalhadoras tempor\u00e1rias da rede municipal de Petrolina (PE), demitidas de forma arbitr\u00e1ria pela gest\u00e3o do prefeito<\/p>\n\t\t<\/div>\n\t\t\t\t\t<div class=\"elementor-post__read-more-wrapper\">\n\t\t\n\t\t<a class=\"elementor-post__read-more\" href=\"https:\/\/sinasefesertaope.com\/site\/nota-oficial-apoio-as-trabalhadoras-demitidas-da-rede-municipal-de-educacao-de-petrolina\/\" aria-label=\"Read more about Nota oficial: Apoio \u00e0s trabalhadoras demitidas da rede municipal de educa\u00e7\u00e3o de Petrolina\" tabindex=\"-1\" >\n\t\t\tVer mais \u00bb\t\t<\/a>\n\n\t\t\t\t\t<\/div>\n\t\t\t\t<\/div>\n\t\t\t\t<\/article>\n\t\t\t\t<article class=\"elementor-post elementor-grid-item post-2381 post type-post status-publish format-standard has-post-thumbnail hentry category-notas\">\n\t\t\t\t<a class=\"elementor-post__thumbnail__link\" href=\"https:\/\/sinasefesertaope.com\/site\/em-defesa-da-autonomia-universitaria-e-do-direito-a-educacao\/\" tabindex=\"-1\" >\n\t\t\t<div class=\"elementor-post__thumbnail\"><img loading=\"lazy\" decoding=\"async\" width=\"300\" height=\"169\" src=\"https:\/\/sinasefesertaope.com\/site\/wp-content\/uploads\/2025\/10\/SITE-SSPE-5-300x169.png\" class=\"attachment-medium size-medium wp-image-2382\" alt=\"\" srcset=\"https:\/\/sinasefesertaope.com\/site\/wp-content\/uploads\/2025\/10\/SITE-SSPE-5-300x169.png 300w, https:\/\/sinasefesertaope.com\/site\/wp-content\/uploads\/2025\/10\/SITE-SSPE-5-768x434.png 768w, https:\/\/sinasefesertaope.com\/site\/wp-content\/uploads\/2025\/10\/SITE-SSPE-5.png 1024w\" sizes=\"(max-width: 300px) 100vw, 300px\" \/><\/div>\n\t\t<\/a>\n\t\t\t\t<div class=\"elementor-post__text\">\n\t\t\t\t<h3 class=\"elementor-post__title\">\n\t\t\t<a href=\"https:\/\/sinasefesertaope.com\/site\/em-defesa-da-autonomia-universitaria-e-do-direito-a-educacao\/\" >\n\t\t\t\tNota oficial: Em defesa da autonomia universit\u00e1ria e do direito \u00e0 educa\u00e7\u00e3o\t\t\t<\/a>\n\t\t<\/h3>\n\t\t\t\t<div class=\"elementor-post__meta-data\">\n\t\t\t\t\t<span class=\"elementor-post-date\">\n\t\t\t2 de outubro de 2025\t\t<\/span>\n\t\t\t\t<span class=\"elementor-post-avatar\">\n\t\t\tNenhum coment\u00e1rio\t\t<\/span>\n\t\t\t\t<\/div>\n\t\t\t\t<div class=\"elementor-post__excerpt\">\n\t\t\t<p>O Sinasefe IFSert\u00e3oPE manifesta seu rep\u00fadio \u00e0 decis\u00e3o judicial que suspendeu a cria\u00e7\u00e3o da turma de Medicina no Centro Acad\u00eamico do Agreste (CAA), da UFPE,<\/p>\n\t\t<\/div>\n\t\t\t\t\t<div class=\"elementor-post__read-more-wrapper\">\n\t\t\n\t\t<a class=\"elementor-post__read-more\" href=\"https:\/\/sinasefesertaope.com\/site\/em-defesa-da-autonomia-universitaria-e-do-direito-a-educacao\/\" aria-label=\"Read more about Nota oficial: Em defesa da autonomia universit\u00e1ria e do direito \u00e0 educa\u00e7\u00e3o\" tabindex=\"-1\" >\n\t\t\tVer mais \u00bb\t\t<\/a>\n\n\t\t\t\t\t<\/div>\n\t\t\t\t<\/div>\n\t\t\t\t<\/article>\n\t\t\t\t<article class=\"elementor-post elementor-grid-item post-2376 post type-post status-publish format-standard has-post-thumbnail hentry category-notas\">\n\t\t\t\t<a class=\"elementor-post__thumbnail__link\" href=\"https:\/\/sinasefesertaope.com\/site\/nota-oficial-repudio-a-declaracao-racista-de-miguel-coelho-e-em-solidariedade-a-victor-flores\/\" tabindex=\"-1\" >\n\t\t\t<div class=\"elementor-post__thumbnail\"><img loading=\"lazy\" decoding=\"async\" width=\"300\" height=\"169\" src=\"https:\/\/sinasefesertaope.com\/site\/wp-content\/uploads\/2025\/09\/nota-oficial-29-09-2025-300x169.jpg\" class=\"attachment-medium size-medium wp-image-2377\" alt=\"\" srcset=\"https:\/\/sinasefesertaope.com\/site\/wp-content\/uploads\/2025\/09\/nota-oficial-29-09-2025-300x169.jpg 300w, https:\/\/sinasefesertaope.com\/site\/wp-content\/uploads\/2025\/09\/nota-oficial-29-09-2025-768x434.jpg 768w, https:\/\/sinasefesertaope.com\/site\/wp-content\/uploads\/2025\/09\/nota-oficial-29-09-2025.jpg 1024w\" sizes=\"(max-width: 300px) 100vw, 300px\" \/><\/div>\n\t\t<\/a>\n\t\t\t\t<div class=\"elementor-post__text\">\n\t\t\t\t<h3 class=\"elementor-post__title\">\n\t\t\t<a href=\"https:\/\/sinasefesertaope.com\/site\/nota-oficial-repudio-a-declaracao-racista-de-miguel-coelho-e-em-solidariedade-a-victor-flores\/\" >\n\t\t\t\tNota oficial: rep\u00fadio \u00e0 declara\u00e7\u00e3o racista de Miguel Coelho e em solidariedade a Victor Flores\t\t\t<\/a>\n\t\t<\/h3>\n\t\t\t\t<div class=\"elementor-post__meta-data\">\n\t\t\t\t\t<span class=\"elementor-post-date\">\n\t\t\t29 de setembro de 2025\t\t<\/span>\n\t\t\t\t<span class=\"elementor-post-avatar\">\n\t\t\tNenhum coment\u00e1rio\t\t<\/span>\n\t\t\t\t<\/div>\n\t\t\t\t<div class=\"elementor-post__excerpt\">\n\t\t\t<p>O SINASEFE Se\u00e7\u00e3o Sindical IFSert\u00e3oPE vem a p\u00fablico manifestar seu total rep\u00fadio \u00e0s declara\u00e7\u00f5es proferidas por Miguel Coelho, ex-prefeito de Petrolina e atual presidente do<\/p>\n\t\t<\/div>\n\t\t\t\t\t<div class=\"elementor-post__read-more-wrapper\">\n\t\t\n\t\t<a class=\"elementor-post__read-more\" href=\"https:\/\/sinasefesertaope.com\/site\/nota-oficial-repudio-a-declaracao-racista-de-miguel-coelho-e-em-solidariedade-a-victor-flores\/\" aria-label=\"Read more about Nota oficial: rep\u00fadio \u00e0 declara\u00e7\u00e3o racista de Miguel Coelho e em solidariedade a Victor Flores\" tabindex=\"-1\" >\n\t\t\tVer mais \u00bb\t\t<\/a>\n\n\t\t\t\t\t<\/div>\n\t\t\t\t<\/div>\n\t\t\t\t<\/article>\n\t\t\t\t<article class=\"elementor-post elementor-grid-item post-2373 post type-post status-publish format-standard has-post-thumbnail hentry category-notas\">\n\t\t\t\t<a class=\"elementor-post__thumbnail__link\" href=\"https:\/\/sinasefesertaope.com\/site\/nota-oficial-alerta-sobre-golpes-no-whatsapp\/\" tabindex=\"-1\" >\n\t\t\t<div class=\"elementor-post__thumbnail\"><img loading=\"lazy\" decoding=\"async\" width=\"300\" height=\"169\" src=\"https:\/\/sinasefesertaope.com\/site\/wp-content\/uploads\/2025\/09\/24-09-2025-300x169.jpg\" class=\"attachment-medium size-medium wp-image-2374\" alt=\"\" srcset=\"https:\/\/sinasefesertaope.com\/site\/wp-content\/uploads\/2025\/09\/24-09-2025-300x169.jpg 300w, https:\/\/sinasefesertaope.com\/site\/wp-content\/uploads\/2025\/09\/24-09-2025-768x434.jpg 768w, https:\/\/sinasefesertaope.com\/site\/wp-content\/uploads\/2025\/09\/24-09-2025.jpg 1024w\" sizes=\"(max-width: 300px) 100vw, 300px\" \/><\/div>\n\t\t<\/a>\n\t\t\t\t<div class=\"elementor-post__text\">\n\t\t\t\t<h3 class=\"elementor-post__title\">\n\t\t\t<a href=\"https:\/\/sinasefesertaope.com\/site\/nota-oficial-alerta-sobre-golpes-no-whatsapp\/\" >\n\t\t\t\tNota oficial: Alerta sobre golpes no whatsApp\t\t\t<\/a>\n\t\t<\/h3>\n\t\t\t\t<div class=\"elementor-post__meta-data\">\n\t\t\t\t\t<span class=\"elementor-post-date\">\n\t\t\t24 de setembro de 2025\t\t<\/span>\n\t\t\t\t<span class=\"elementor-post-avatar\">\n\t\t\tNenhum coment\u00e1rio\t\t<\/span>\n\t\t\t\t<\/div>\n\t\t\t\t<div class=\"elementor-post__excerpt\">\n\t\t\t<p>O SINASEFE Se\u00e7\u00e3o Sindical IFSert\u00e3oPE, por meio de sua Assessoria de Comunica\u00e7\u00e3o e Assessoria Jur\u00eddica, vem a p\u00fablico alertar seus sindicalizados, servidores do Instituto Federal<\/p>\n\t\t<\/div>\n\t\t\t\t\t<div class=\"elementor-post__read-more-wrapper\">\n\t\t\n\t\t<a class=\"elementor-post__read-more\" href=\"https:\/\/sinasefesertaope.com\/site\/nota-oficial-alerta-sobre-golpes-no-whatsapp\/\" aria-label=\"Read more about Nota oficial: Alerta sobre golpes no whatsApp\" tabindex=\"-1\" >\n\t\t\tVer mais \u00bb\t\t<\/a>\n\n\t\t\t\t\t<\/div>\n\t\t\t\t<\/div>\n\t\t\t\t<\/article>\n\t\t\t\t<\/div>\n\t\t\t\t\t<span class=\"e-load-more-spinner\">\n\t\t\t\t<i aria-hidden=\"true\" class=\"fas fa-spinner\"><\/i>\t\t\t<\/span>\n\t\t\n\t\t\t\t<div class=\"e-load-more-anchor\" data-page=\"1\" data-max-page=\"3\" data-next-page=\"https:\/\/sinasefesertaope.com\/site\/wp-json\/wp\/v2\/pages\/385\/page\/2\/\"><\/div>\n\t\t\t\t<div class=\"e-load-more-message\"><\/div>\n\t\t\t\t\t\t<\/div>\n\t\t\t\t<\/div>\n\t\t\t\t<\/div>\n\t\t\t\t\t<\/div>\n\t\t\t\t<\/div>\n\t\t\t\t<\/div>\n\t\t","protected":false},"excerpt":{"rendered":"","protected":false},"author":1,"featured_media":0,"parent":0,"menu_order":0,"comment_status":"closed","ping_status":"closed","template":"","meta":{"footnotes":""},"class_list":["post-385","page","type-page","status-publish","hentry"],"_links":{"self":[{"href":"https:\/\/sinasefesertaope.com\/site\/wp-json\/wp\/v2\/pages\/385","targetHints":{"allow":["GET"]}}],"collection":[{"href":"https:\/\/sinasefesertaope.com\/site\/wp-json\/wp\/v2\/pages"}],"about":[{"href":"https:\/\/sinasefesertaope.com\/site\/wp-json\/wp\/v2\/types\/page"}],"author":[{"embeddable":true,"href":"https:\/\/sinasefesertaope.com\/site\/wp-json\/wp\/v2\/users\/1"}],"replies":[{"embeddable":true,"href":"https:\/\/sinasefesertaope.com\/site\/wp-json\/wp\/v2\/comments?post=385"}],"version-history":[{"count":7,"href":"https:\/\/sinasefesertaope.com\/site\/wp-json\/wp\/v2\/pages\/385\/revisions"}],"predecessor-version":[{"id":1071,"href":"https:\/\/sinasefesertaope.com\/site\/wp-json\/wp\/v2\/pages\/385\/revisions\/1071"}],"wp:attachment":[{"href":"https:\/\/sinasefesertaope.com\/site\/wp-json\/wp\/v2\/media?parent=385"}],"curies":[{"name":"wp","href":"https:\/\/api.w.org\/{rel}","templated":true}]}}