{"id":387,"date":"2023-05-16T15:37:55","date_gmt":"2023-05-16T18:37:55","guid":{"rendered":"https:\/\/sinasefesertaope.com\/site\/?page_id=387"},"modified":"2026-04-22T17:59:39","modified_gmt":"2026-04-22T20:59:39","slug":"oficios","status":"publish","type":"page","link":"https:\/\/sinasefesertaope.com\/site\/oficios\/","title":{"rendered":"Of\u00edcios"},"content":{"rendered":"\t\t<div data-elementor-type=\"wp-page\" data-elementor-id=\"387\" class=\"elementor elementor-387\" data-elementor-post-type=\"page\">\n\t\t\t\t<div class=\"elementor-element elementor-element-53c0eac9 e-flex e-con-boxed e-con e-parent\" data-id=\"53c0eac9\" data-element_type=\"container\" data-settings=\"{&quot;ekit_has_onepagescroll_dot&quot;:&quot;yes&quot;}\">\n\t\t\t\t\t<div class=\"e-con-inner\">\n\t\t\t\t<div class=\"elementor-element elementor-element-78009f5c elementor-widget elementor-widget-text-editor\" data-id=\"78009f5c\" data-element_type=\"widget\" data-settings=\"{&quot;ekit_we_effect_on&quot;:&quot;none&quot;}\" data-widget_type=\"text-editor.default\">\n\t\t\t\t\t\t\t\t\t<p><strong>2026<\/strong><\/p>\n<ul>\n<li><a href=\"https:\/\/drive.google.com\/file\/d\/12nlb81cYiz4To5VSTSxQKKw5cj8xhaQ_\/view\" target=\"_blank\" rel=\"noopener\">Of\u00edcio n\u00ba 01.2026<\/a> &#8211; Lei Complementar n\u00ba 226\/2026 \u2013 apura\u00e7\u00e3o e efetiva\u00e7\u00e3o dos direitos.<\/li>\n<li>Of\u00edcio n\u00ba 02.2026 &#8211; <em>(em breve)<\/em><\/li>\n<li>Of\u00edcio n\u00ba 03.2026 &#8211; <em>(em breve)<\/em><\/li>\n<li>Of\u00edcio n\u00ba 04.2026 &#8211; <em>(em breve)<\/em><\/li>\n<li>Of\u00edcio n\u00ba 05.2026 &#8211; <em>(em breve)<\/em><\/li>\n<li>Of\u00edcio n\u00ba 06.2026 &#8211; <em>(em breve)<\/em><\/li>\n<li><a href=\"https:\/\/drive.google.com\/file\/d\/1ep83xHn5lNz_fqSdrLdiZlg_6p-eM6zb\/view?usp=sharing\" target=\"_blank\" rel=\"noopener\">Of\u00edcio n\u00ba 07.2026<\/a> &#8211; Solicita\u00e7\u00e3o de cumprimento integral dos Acordos de Greve.<\/li>\n<li>Of\u00edcio n\u00ba 08.2026 &#8211; <em>(em breve)<\/em><\/li>\n<li>Of\u00edcio n\u00ba 09.2026 &#8211; <em>(em breve)<\/em><\/li>\n<li>Of\u00edcio n\u00ba 10.2026 &#8211; <em>(em breve)<\/em><\/li>\n<li>Of\u00edcio n\u00ba 11.2026 &#8211; <em>(em breve)<\/em><\/li>\n<li>Of\u00edcio n\u00ba 12.2026 &#8211; <em>(em breve)<\/em><\/li>\n<li>Of\u00edcio n\u00ba 13.2026 &#8211; <em>(em breve)<\/em><\/li>\n<li><a href=\"https:\/\/drive.google.com\/file\/d\/1IGmiDs3sMameDuDE--pCwWMIxe_NskiH\/view?usp=sharing\" target=\"_blank\" rel=\"noopener\">Of\u00edcio n\u00ba 14.2026<\/a> &#8211; Solicita\u00e7\u00e3o da segunda reuni\u00e3o da Mesa Permanente de Negocia\u00e7\u00e3o.<\/li>\n<li>Of\u00edcio n\u00ba 15.2026 &#8211; <em>(em breve)<\/em><\/li>\n<li><a href=\"https:\/\/drive.google.com\/file\/d\/1a2_sQIpPV_7H2jyvfr-_uDPY2h5wWgyn\/view?usp=sharing\" target=\"_blank\" rel=\"noopener\">Of\u00edcio n\u00ba 16.2026<\/a> &#8211; Carta-manifesto TILs IFSert\u00e3oPE.<\/li>\n<li><a href=\"https:\/\/drive.google.com\/file\/d\/1HobIj-Pr6BFugsVjjhlRT3Zr9XlbGFm-\/view?usp=sharing\" target=\"_blank\" rel=\"noopener\">Of\u00edcio n\u00ba 17.2026<\/a> &#8211; Atendimento de necessidades dos servidores e servidoras com filhos e filhas at\u00edpicos.<\/li>\n<\/ul>\n<p>\u00a0<\/p>\n<p><strong>2025<\/strong><\/p>\n<ul>\n<li><a href=\"https:\/\/drive.google.com\/file\/d\/16qjjyl4WoJKiIVHjMnWpVEkVd8SJChTB\/view?usp=sharing\" target=\"_blank\" rel=\"noreferrer noopener\" data-type=\"link\" data-id=\"https:\/\/drive.google.com\/file\/d\/16qjjyl4WoJKiIVHjMnWpVEkVd8SJChTB\/view?usp=sharing\">Of\u00edcio n\u00ba 01.2025<\/a> &#8211; Solicita\u00e7\u00e3o de retifica\u00e7\u00e3o de portaria.<\/li>\n<li><a style=\"background-color: #ffffff;\" href=\"https:\/\/drive.google.com\/file\/d\/16m79MVhoysKArTeGOB5Xu8ZNWKOcnUxb\/view?usp=sharing\" target=\"_blank\" rel=\"noreferrer noopener\" data-type=\"link\" data-id=\"https:\/\/drive.google.com\/file\/d\/16m79MVhoysKArTeGOB5Xu8ZNWKOcnUxb\/view?usp=sharing\">Of\u00edcio n\u00ba 02.2025<\/a> &#8211; Solicita\u00e7\u00e3o de participa\u00e7\u00e3o em comiss\u00f5es.<\/li>\n<li><a style=\"background-color: #ffffff;\" href=\"https:\/\/drive.google.com\/file\/d\/1I47Ks4uba3rcAvO1bgvMqwE_OIWegQe9\/view?usp=drive_link\" target=\"_blank\" rel=\"noreferrer noopener\" data-type=\"link\" data-id=\"https:\/\/drive.google.com\/file\/d\/15RMH0ybLgJ4SPRdreMn6wtzbAWUgBn1x\">Of\u00edcio n\u00ba 03.2025<\/a> &#8211; Solicita\u00e7\u00e3o de esclarecimentos e procedimentos referente \u00e0 MP n\u00ba 1.286\/2024.<\/li>\n<li><a style=\"background-color: #ffffff;\" href=\"https:\/\/drive.google.com\/file\/d\/1EB2nr6cySl-GABHcO0TwKSqycQQFvJ9K\/view?usp=drive_link\" target=\"_blank\" rel=\"noreferrer noopener\">Of\u00edcio n\u00ba 04.2025<\/a> &#8211; Solicita\u00e7\u00e3o de inclus\u00e3o de representante do Sinasefe na Comiss\u00e3o Central do Programa de Gest\u00e3o e Desempenho (PGD).<\/li>\n<li><a style=\"background-color: #ffffff;\" href=\"https:\/\/drive.google.com\/file\/d\/1KyGLOufOeSgUzLrOdM1Icwcd9G7tc4YV\/view?usp=sharing\" target=\"_blank\" rel=\"noreferrer noopener\">Of\u00edcio n\u00ba 05.2025<\/a> &#8211; Assembleia Geral do Sinasefe\/Se\u00e7\u00e3o Sindical do IFSert\u00e3oPE no Campus Salgueiro.<\/li>\n<li><a style=\"background-color: #ffffff;\" href=\"https:\/\/drive.google.com\/file\/d\/1E13H3a_sASfsO_DD45dlNEuFixKBohru\/view?usp=drivesdk\" target=\"_blank\" rel=\"noreferrer noopener\">Of\u00edcio n\u00b0 06.2025<\/a> &#8211; Estabelecimento de Ponto Facultativo em 07 de Mar\u00e7o.<\/li>\n<li><a style=\"background-color: #ffffff;\" href=\"https:\/\/drive.google.com\/file\/d\/1zbtqAiPASh3tKD2Y8a4yPNmGXDmnlALI\/view?usp=sharing\" target=\"_blank\" rel=\"noreferrer noopener\" data-type=\"link\" data-id=\"https:\/\/drive.google.com\/file\/d\/1zbtqAiPASh3tKD2Y8a4yPNmGXDmnlALI\/view?usp=sharing\">Of\u00edcio n\u00ba 07.2025<\/a> &#8211; Paralisa\u00e7\u00e3o dos servidores da Educa\u00e7\u00e3o B\u00e1sica, Profissional e Tecnol\u00f3gica nos dias 11 e 12 de mar\u00e7o de 2025.<\/li>\n<li><a style=\"background-color: #ffffff;\" href=\"https:\/\/drive.google.com\/file\/d\/1F4FB3Q6bboA3vV4MI3I3RJSFD467EoK9\/view?usp=sharing\" target=\"_blank\" rel=\"noreferrer noopener\" data-type=\"link\" data-id=\"https:\/\/drive.google.com\/file\/d\/1F4FB3Q6bboA3vV4MI3I3RJSFD467EoK9\/view?usp=sharing\">Of\u00edcio n\u00ba 08.2025<\/a> &#8211; Paralisa\u00e7\u00e3o dos servidores da Educa\u00e7\u00e3o B\u00e1sica, Profissional e Tecnol\u00f3gica nos dias 11 e 12 de mar\u00e7o de 2025;<\/li>\n<li><a style=\"background-color: #ffffff;\" href=\"https:\/\/drive.google.com\/file\/d\/1FsKYpxSTBmERJd1YRBCt_Bf0Ei4ozX5t\/view?usp=sharing\" target=\"_blank\" rel=\"noreferrer noopener\" data-type=\"link\" data-id=\"https:\/\/drive.google.com\/file\/d\/1FsKYpxSTBmERJd1YRBCt_Bf0Ei4ozX5t\/view?usp=sharing\">Of\u00edcio n\u00ba 09.2025<\/a> &#8211; Paralisa\u00e7\u00e3o dos servidores da Educa\u00e7\u00e3o B\u00e1sica, Profissional e Tecnol\u00f3gica nos dias 11 e 12 de mar\u00e7o de 2025; participa\u00e7\u00e3o de servidor em caravana na Jornada de Lutas.<\/li>\n<li><a style=\"background-color: #ffffff;\" href=\"https:\/\/drive.google.com\/file\/d\/1jAHjD7vokeFci-te2Ib6d9jfnoTkcA5O\/view?usp=sharing\" target=\"_blank\" rel=\"noreferrer noopener\" data-type=\"link\" data-id=\"https:\/\/drive.google.com\/file\/d\/1jAHjD7vokeFci-te2Ib6d9jfnoTkcA5O\/view?usp=sharing\">Of\u00edcio n\u00ba 10.2025<\/a> &#8211; Solicita\u00e7\u00e3o de hospedagem para servidor em caravana na Jornada de Lutas.<\/li>\n<li><a style=\"background-color: #ffffff;\" href=\"https:\/\/drive.google.com\/file\/d\/14MV_T1seJ3r4JQBUh4Md-71gPTmvvL0c\/view?usp=sharing\" target=\"_blank\" rel=\"noreferrer noopener\" data-type=\"link\" data-id=\"https:\/\/drive.google.com\/file\/d\/14MV_T1seJ3r4JQBUh4Md-71gPTmvvL0c\/view?usp=sharing\">Of\u00edco n\u00ba 12.2025<\/a> &#8211; Solicita\u00e7\u00e3o de esclarecimento sobre progress\u00f5es de carreira dos docentes e dos t\u00e9cnicoadministrativos em educa\u00e7\u00e3o.<\/li>\n<li><a style=\"background-color: #ffffff;\" href=\"http:\/\/Assembleia Geral do Sinasefe\/Se\u00e7\u00e3o Sindical do IFSert\u00e3oPE no Campus Serra Talhada.\" target=\"_blank\" rel=\"noreferrer noopener\">Of\u00edcio n\u00b0 13.2025<\/a> &#8211; Assembleia Geral do Sinasefe\/Se\u00e7\u00e3o Sindical do IFSert\u00e3oPE no Campus Serra Talhada.<\/li>\n<li><a style=\"background-color: #ffffff;\" href=\"https:\/\/drive.google.com\/file\/d\/1V7wJm0HFe3DjK_4W2tR4wGLfgt2mB41L\/view?usp=sharing\" target=\"_blank\" rel=\"noreferrer noopener\" data-type=\"link\" data-id=\"https:\/\/drive.google.com\/file\/d\/1V7wJm0HFe3DjK_4W2tR4wGLfgt2mB41L\/view?usp=sharing\">Of\u00edcio n\u00ba 14.2025<\/a> &#8211; Reuni\u00e3o Ampliada \u201cCaf\u00e9 com o Servidor\u201d no Campus Salgueiro.<\/li>\n<li><a style=\"background-color: #ffffff;\" href=\"https:\/\/drive.google.com\/file\/d\/1MOuGSxsBHDCGdbwhcKurIaKrt0nsxs--\/view?usp=sharing\" target=\"_blank\" rel=\"noopener\">Of\u00edcio n\u00ba 15.2025<\/a> &#8211; Controle eletr\u00f4nico de frequ\u00eancia no IFSert\u00e3oPE.<\/li>\n<li><a href=\"https:\/\/drive.google.com\/file\/d\/1GxooPQhSQUysJy7rdh4AlChpkuw4QpzB\/view?usp=sharing\" target=\"_blank\" rel=\"noopener\">Of\u00edcio n\u00ba 16.2025<\/a> &#8211; Solicita\u00e7\u00e3o de implementa\u00e7\u00e3o da acelera\u00e7\u00e3o da progress\u00e3o. por capacita\u00e7\u00e3o para os servidores t\u00e9cnico-administrativos em educa\u00e7\u00e3o (TAEs).<\/li>\n<li><a href=\"https:\/\/drive.google.com\/file\/d\/1Yd8fslvOEDw-QgDlRIhNYx1iL9Tptn1y\/view?usp=sharing\" target=\"_blank\" rel=\"noopener\">Of\u00edcio n\u00ba 17.2025<\/a> &#8211; Participa\u00e7\u00e3o de servidora em eventos presenciais do Sinasefe em Bras\u00edlia\/DF.<\/li>\n<li><a href=\"https:\/\/drive.google.com\/file\/d\/10VR0mgwnvnB0BNXZh-bRzJNNOmJKJuQm\/view?usp=sharing\" target=\"_blank\" rel=\"noopener\">Of\u00edcio n\u00ba 18.2025<\/a> &#8211; Solicita\u00e7\u00e3o de reuni\u00e3o em regime de urg\u00eancia para sanar d\u00favidas relativas ao Of\u00edcio Circular SEI No 08\/2025\/REIT\/IFSertaoPE.<\/li>\n<li><a href=\"https:\/\/drive.google.com\/file\/d\/1R6bjTD2C34j1XPJSuxuktReEn0q4TzDt\/view?usp=sharing\" target=\"_blank\" rel=\"noopener\">Of\u00edcio n\u00ba 19.2025<\/a> &#8211; Encaminhamento de solicita\u00e7\u00e3o de posicionamento sobre o Projeto de Lei no 1.466\/2025.<\/li>\n<li><a href=\"https:\/\/drive.google.com\/file\/d\/1PMjdJUgwR-Btw1rs6Nr_TOEqga19-umo\/view?usp=sharing\" target=\"_blank\" rel=\"noopener\">Of\u00edcio n\u00ba 20.2025<\/a> &#8211; URGENTE: Pr\u00e1ticas de ass\u00e9dio, abuso e destrato aos trabalhadores por parte de profissionais das Juntas M\u00e9dicas\/Per\u00edcias realizadas no SIASS.<\/li>\n<li><a href=\"https:\/\/drive.google.com\/file\/d\/10pcBDwn-_6pWWS3sZTtP45RD9VxE55yR\/view?usp=sharing\" target=\"_blank\" rel=\"noopener\">Of\u00edcio n\u00ba 21.2025<\/a> &#8211; Participa\u00e7\u00e3o sindical de servidora em evento presencial em Bras\u00edlia\/DF.<\/li>\n<li><a href=\"https:\/\/drive.google.com\/file\/d\/1Q4lUQoUb8qVJnPjFA6fsM039gVIa8BFt\/view?usp=sharing\" target=\"_blank\" rel=\"noopener\">Of\u00edcio n\u00ba 26.2025<\/a> &#8211; Atualiza\u00e7\u00e3o dos PPCs dos cursos do Ensino M\u00e9dio Integrado com base na Lei no 14.986\/2024.<\/li>\n<li><a href=\"https:\/\/drive.google.com\/file\/d\/12Zwtkl7MzA06rCyd-Th6QG_zjKfkvtAm\/view?usp=sharing\" target=\"_blank\" rel=\"noopener\">Of\u00edcio n\u00ba 27.2025<\/a> &#8211; Proposta de Cria\u00e7\u00e3o de Mesa Permanente de Negocia\u00e7\u00e3o.<\/li>\n<li><a href=\"https:\/\/drive.google.com\/file\/d\/1lGgeBFaJVxrrtTsV51zH_pcyvsVFFfUh\/view?usp=sharing\" target=\"_blank\" rel=\"noopener\">Of\u00edcio n\u00ba 28.2025<\/a> &#8211; Controle eletr\u00f4nico de frequ\u00eancia para os docentes da Carreira de Magist\u00e9rio do Ensino<br \/>B\u00e1sico, T\u00e9cnico e Tecnol\u00f3gico (EBTT), no \u00e2mbito do IFSert\u00e3oPE.<\/li>\n<li><a href=\"https:\/\/drive.google.com\/file\/d\/1N2-3kGAAZUM6MDF8uqYT29B16zuN9bUM\/view?usp=sharing\" target=\"_blank\" rel=\"noopener\">Of\u00edcio n\u00ba 29.2025<\/a> &#8211; Encaminhamento de fundamentos para pedido de medida cautelar ao TCU de revis\u00e3o da recomenda\u00e7\u00e3o sobre controle eletr\u00f4nico de frequ\u00eancia docente.<\/li>\n<li><a href=\"https:\/\/drive.google.com\/file\/d\/1Xt6Ei06UG3ofexaHiPCZpeIE9yf1ZL7l\/view?usp=sharing\" target=\"_blank\" rel=\"noopener\">Of\u00edcio n\u00ba 30.2025<\/a> &#8211; Solicita\u00e7\u00e3o de reuni\u00e3o sobre a proposta de Programa de Gest\u00e3o e Desempenho (PGD) para docentes.<\/li>\n<li><a href=\"https:\/\/drive.google.com\/file\/d\/1_sgBeafNml9wGo2mShPCA4s-dS5kfGRr\/view?usp=sharing\" target=\"_blank\" rel=\"noopener\">Of\u00edcio n\u00ba 31.2025<\/a> &#8211; Indica\u00e7\u00e3o de representantes para compor a CPPD Central.<\/li>\n<li><a href=\"https:\/\/drive.google.com\/file\/d\/1QIwUyjAeNtbDLsfSzva_1CNcKQzwbGvp\/view?usp=sharing\" target=\"_blank\" rel=\"noopener\">Of\u00edcio n\u00ba 32.2025<\/a> &#8211; Indica\u00e7\u00e3o de representantes para compor comiss\u00e3o.<\/li>\n<li><a href=\"https:\/\/drive.google.com\/file\/d\/1SzFNcZAElAnC0-kXlhFHkw1EZsgUktre\/view?usp=sharing\" target=\"_blank\" rel=\"noopener\">Of\u00edcio n\u00ba 33.2025<\/a> &#8211; Convite para an\u00e1lise da minuta da Pol\u00edtica de Preven\u00e7\u00e3o e Enfrentamento ao Ass\u00e9dio e \u00e0 Discrimina\u00e7\u00e3o.<\/li>\n<li><a href=\"https:\/\/drive.google.com\/file\/d\/1ow_9v0qARPAQRGzeHCwurzr8LAob6iRF\/view?usp=sharing\" target=\"_blank\" rel=\"noopener\">Of\u00edcio n\u00ba 34.2025<\/a> &#8211; Indica\u00e7\u00e3o de representantes para o F\u00f3rum Permanente de Monitoramento e Avalia\u00e7\u00e3o do Plano Municipal de Educa\u00e7\u00e3o de Petrolina.<\/li>\n<li><a href=\"https:\/\/drive.google.com\/file\/d\/16JT5YfsW0Ruf0UNGfzda0ZSktVB1TZvF\/view?usp=sharing\" target=\"_blank\" rel=\"noopener\">Of\u00edcio n\u00ba 35.2025<\/a> &#8211; Solicita\u00e7\u00e3o de realiza\u00e7\u00e3o da primeira reuni\u00e3o da Mesa Permanente de Negocia\u00e7\u00e3o.<\/li>\n<li><a href=\"https:\/\/drive.google.com\/file\/d\/1gzb7DXnICVWoBAarsPwvQMmkiKnTB-JG\/view?usp=sharing\" target=\"_blank\" rel=\"noopener\">Of\u00edcio n\u00ba 36.2025<\/a> &#8211; Resposta \u00e0 solicita\u00e7\u00e3o de apoio para evento.<\/li>\n<li><a href=\"https:\/\/drive.google.com\/file\/d\/1Y-np55Wk1xrmhipr_mmFEZ32JivBczk8\/view?usp=sharing\" target=\"_blank\" rel=\"noopener\">Of\u00edcio n\u00ba 37.2025<\/a> &#8211; Participa\u00e7\u00e3o de membro da Diretoria Executiva no Plant\u00e3o de Base.<\/li>\n<li><a href=\"https:\/\/drive.google.com\/file\/d\/1lqv7rxsoCX4AGHkekn4bM-Ktd6VQM5W_\/view?usp=sharing\" target=\"_blank\" rel=\"noopener\">Of\u00edcio n\u00ba 38.2025<\/a> &#8211; Participa\u00e7\u00e3o sindical de servidora em evento presencial em Bras\u00edlia\/DF.<\/li>\n<li><a href=\"https:\/\/drive.google.com\/file\/d\/1uIz6KjjKfTGeWcOuKraMvgcA6j8PUVg-\/view?usp=sharing\" target=\"_blank\" rel=\"noopener\">Of\u00edcio n\u00ba 39.2025<\/a> &#8211; Paralisa\u00e7\u00e3o Nacional da Educa\u00e7\u00e3o Federal nos dias 10 e 11 de setembro de 2025.<\/li>\n<li><a href=\"https:\/\/drive.google.com\/file\/d\/1iJEusqYgraO9UlWtN6ITZyKUCVlLBM2V\/view?usp=sharing\" target=\"_blank\" rel=\"noopener\">Of\u00edcio n\u00ba 40.2025<\/a> &#8211; Solicita\u00e7\u00e3o de estadia de membro da Diretoria Executiva na \u201ccasa\u201d do SINASEFE.<\/li>\n<li><a href=\"https:\/\/drive.google.com\/file\/d\/1-HAJ2br8xy32vTDdPlvCrxUeMVl1XfYK\/view?usp=sharing\" target=\"_blank\" rel=\"noopener\">Of\u00edcio n\u00ba 41.2025<\/a> &#8211; Resposta \u00e0 solicita\u00e7\u00e3o de apoio para evento.<\/li>\n<li><a href=\"https:\/\/drive.google.com\/file\/d\/125a2tr4BbJhkNM6NBbQKg09tagtzFPyJ\/view?usp=sharing\" target=\"_blank\" rel=\"noopener\">Of\u00edcio n\u00ba 42.2025<\/a> &#8211; Retifica\u00e7\u00e3o do Of\u00edcio no 40\/2025 \u2013 Solicita\u00e7\u00e3o de estadia de membro da Diretoria Executiva na \u201ccasa\u201d do SINASEFE.<\/li>\n<li><a href=\"https:\/\/drive.google.com\/file\/d\/1qi_B_8pPqFvO8FqZOYdqSIuACiiDoA19\/view?usp=sharing\" target=\"_blank\" rel=\"noopener\">Of\u00edcio n\u00ba 43.2025<\/a> &#8211; Participa\u00e7\u00e3o sindical de servidora em evento presencial em Salvador\/BA.<\/li>\n<li><a href=\"https:\/\/drive.google.com\/file\/d\/1A62pE7xZzm8o3jNpJKMMFBeeyaw7C_98\/view?usp=sharing\" target=\"_blank\" rel=\"noopener\">Of\u00edcio n\u00ba 44.2025<\/a> &#8211; Participa\u00e7\u00e3o sindical de servidora em evento presencial em Salvador\/BA.<\/li>\n<li><a href=\"https:\/\/drive.google.com\/file\/d\/1thrSx_0JDwA0tbcrhb-jjG-1vuxlVnxa\/view?usp=sharing\" target=\"_blank\" rel=\"noopener\">Of\u00edcio n\u00ba 45.2025<\/a> &#8211; Participa\u00e7\u00e3o sindical de servidora em evento presencial em Salvador\/BA.<\/li>\n<li><a href=\"https:\/\/drive.google.com\/file\/d\/1FkwhVWOeAe2N02y_1JtIQ-7_XylZiyt-\/view?usp=sharing\" target=\"_blank\" rel=\"noopener\">Of\u00edcio n\u00ba 46.2025<\/a> &#8211; Participa\u00e7\u00e3o sindical de servidora em evento presencial em Salvador\/BA.<\/li>\n<li><a href=\"https:\/\/drive.google.com\/file\/d\/1BLlybHzm5syL2mmDZZG1SxNNRbSLGmrN\/view?usp=sharing\" target=\"_blank\" rel=\"noopener\">Of\u00edcio n\u00ba 47.2025<\/a> &#8211; Participa\u00e7\u00e3o de membro da Diretoria Executiva no Plant\u00e3o de Base.<\/li>\n<li><a href=\"https:\/\/drive.google.com\/file\/d\/1QoQgzTYXtQ2xDHuqr5TEZhb8A7NSpCz_\/view?usp=sharing\" target=\"_blank\" rel=\"noopener\">Of\u00edcio n\u00ba 48.2025<\/a> &#8211; Paralisa\u00e7\u00e3o Nacional da Educa\u00e7\u00e3o Federal nos dias 28 e 29 de outubro de 2025.<\/li>\n<\/ul>\n<p><!-- \/wp:paragraph --><!-- wp:heading --><\/p>\n<h2 class=\"wp-block-heading\">Circular<\/h2>\n<p><!-- \/wp:heading --><!-- wp:paragraph --><\/p>\n<ul>\n<li><a href=\"https:\/\/drive.google.com\/file\/d\/1fcDJHhc-vGy8WEGSka66T5nXvDjVpve6\/view?usp=sharing\" target=\"_blank\" rel=\"noreferrer noopener\" data-type=\"link\" data-id=\"https:\/\/drive.google.com\/file\/d\/1fcDJHhc-vGy8WEGSka66T5nXvDjVpve6\/view?usp=drive_link\">Circular n\u00ba 01.2025<\/a> &#8211; Assembleias Gerais do Sinasefe\/Se\u00e7\u00e3o Sindical do IFSert\u00e3oPE nos campi e Reitoria.<\/li>\n<\/ul>\n<p><!-- \/wp:paragraph --><!-- wp:paragraph --><\/p>\n<ul>\n<li><a href=\"https:\/\/drive.google.com\/file\/d\/13ZWbiJ9nGi49n931SAKSWIimGpYHVPde\/view?usp=sharing\" target=\"_blank\" rel=\"noreferrer noopener\" data-type=\"link\" data-id=\"https:\/\/drive.google.com\/file\/d\/1fcDJHhc-vGy8WEGSka66T5nXvDjVpve6\/view?usp=drive_link\">Circular n\u00ba 02.2025<\/a> &#8211; Paralisa\u00e7\u00e3o dos servidores da Educa\u00e7\u00e3o B\u00e1sica, Profissional e Tecnol\u00f3gica nos dias 11 e 12 de mar\u00e7o de 2025.<\/li>\n<\/ul>\n<p><!-- \/wp:paragraph --><!-- wp:paragraph --><\/p>\n<ul>\n<li><a href=\"https:\/\/drive.google.com\/file\/d\/13cY5fNieHrD9V3bN2zl-x5XfXPzBl1I4\/view?usp=sharing\" target=\"_blank\" rel=\"noreferrer noopener\" data-type=\"link\" data-id=\"https:\/\/drive.google.com\/file\/d\/13cY5fNieHrD9V3bN2zl-x5XfXPzBl1I4\/view?usp=sharing\">Circular n\u00ba 03.2025<\/a> &#8211; Paralisa\u00e7\u00e3o dos servidores da Educa\u00e7\u00e3o B\u00e1sica, Profissional e Tecnol\u00f3gica nos dias 11 e 12 de mar\u00e7o de 2025.<\/li>\n<li><a href=\"https:\/\/drive.google.com\/file\/d\/1xE6rKIhcfNE9FKvjJn-WG04593dP95Ox\/view?usp=sharing\" target=\"_blank\" rel=\"noopener\">Circular n\u00ba 04.2025<\/a> &#8211; Posicionamento do Sinasefe relativo \u00e0 orienta\u00e7\u00e3o aos servidores dos campi por parte de algumas Dire\u00e7\u00f5es Gerais frente \u00e0 Paralisa\u00e7\u00e3o nacional dos dias 11 e 12 de mar\u00e7o.<\/li>\n<li><a href=\"https:\/\/drive.google.com\/file\/d\/1BSPX3qvc98oIr8qfZZAsweB4SLZkwD4W\/view?usp=sharing\" target=\"_blank\" rel=\"noopener\">Circular n\u00ba 05.2025<\/a> &#8211; Orienta\u00e7\u00e3o quanto ao registro da Paralisa\u00e7\u00e3o dos servidores da Educa\u00e7\u00e3o B\u00e1sica, Profissional e Tecnol\u00f3gica nos dias 11 e 12 de mar\u00e7o de 2025, no SUAP.<\/li>\n<li><a href=\"https:\/\/drive.google.com\/file\/d\/12Y50ZOKbtMFCBlZWGlwrcbpg-cSp6uQm\/view?usp=sharing\" target=\"_blank\" rel=\"noopener\">Circular n\u00ba 06.2025<\/a> &#8211; Paralisa\u00e7\u00e3o Nacional de 26 de junho de 2025.<\/li>\n<li><a href=\"https:\/\/drive.google.com\/file\/d\/1CkdZ5hnggwC7bOIgHFaiqJKNvDILjgqO\/view?usp=sharing\" target=\"_blank\" rel=\"noopener\">Circular n\u00ba 07.2025<\/a> &#8211; Paralisa\u00e7\u00e3o Nacional da Educa\u00e7\u00e3o Federal nos dias 10 e 11 de setembro de 2025.<\/li>\n<li><a href=\"https:\/\/drive.google.com\/file\/d\/166Bxhha4mU6oo6ChstiqnB31sbE7Q8_u\/view?usp=sharing\" target=\"_blank\" rel=\"noopener\">Circular n\u00ba 08.2025<\/a> &#8211; Paralisa\u00e7\u00e3o Nacional da Educa\u00e7\u00e3o Federal nos dias 10 e 11 de setembro de 2025.<\/li>\n<li><a href=\"https:\/\/drive.google.com\/file\/d\/1UfcxeZEoklbA7dBJhOpOq3xi4-eFcCGA\/view?usp=sharing\" target=\"_blank\" rel=\"noopener\">Circular n\u00ba 09.2025.2025<\/a> &#8211; Paralisa\u00e7\u00e3o Nacional da Educa\u00e7\u00e3o Federal nos dias 28 e 29 de outubro de 2025.<\/li>\n<li><a href=\"https:\/\/drive.google.com\/file\/d\/18iVRBB6xImrKIvW_PyU7SbreRRewDveb\/view?usp=sharing\" target=\"_blank\" rel=\"noopener\">Circular n\u00ba 10.2025<\/a> &#8211; Paralisa\u00e7\u00e3o Nacional da Educa\u00e7\u00e3o Federal nos dias 28 e 29 de outubro de 2025.<\/li>\n<\/ul>\n<p><!-- \/wp:paragraph --><!-- wp:paragraph --><\/p>\n<p><!-- \/wp:paragraph --><\/p>\t\t\t\t\t\t\t\t<\/div>\n\t\t\t\t\t<\/div>\n\t\t\t\t<\/div>\n\t\t\t\t<\/div>\n\t\t","protected":false},"excerpt":{"rendered":"<p>2026 Of\u00edcio n\u00ba 01.2026 &#8211; Lei Complementar n\u00ba 226\/2026 \u2013 apura\u00e7\u00e3o e efetiva\u00e7\u00e3o dos direitos. Of\u00edcio n\u00ba 02.2026 &#8211; (em breve) Of\u00edcio n\u00ba 03.2026 &#8211; (em breve) Of\u00edcio n\u00ba 04.2026 &#8211; (em breve) Of\u00edcio n\u00ba 05.2026 &#8211; (em breve) Of\u00edcio n\u00ba 06.2026 &#8211; (em breve) Of\u00edcio n\u00ba 07.2026 &#8211; Solicita\u00e7\u00e3o de cumprimento integral dos Acordos [&hellip;]<\/p>\n","protected":false},"author":1,"featured_media":0,"parent":0,"menu_order":0,"comment_status":"closed","ping_status":"closed","template":"","meta":{"footnotes":""},"class_list":["post-387","page","type-page","status-publish","hentry"],"_links":{"self":[{"href":"https:\/\/sinasefesertaope.com\/site\/wp-json\/wp\/v2\/pages\/387","targetHints":{"allow":["GET"]}}],"collection":[{"href":"https:\/\/sinasefesertaope.com\/site\/wp-json\/wp\/v2\/pages"}],"about":[{"href":"https:\/\/sinasefesertaope.com\/site\/wp-json\/wp\/v2\/types\/page"}],"author":[{"embeddable":true,"href":"https:\/\/sinasefesertaope.com\/site\/wp-json\/wp\/v2\/users\/1"}],"replies":[{"embeddable":true,"href":"https:\/\/sinasefesertaope.com\/site\/wp-json\/wp\/v2\/comments?post=387"}],"version-history":[{"count":65,"href":"https:\/\/sinasefesertaope.com\/site\/wp-json\/wp\/v2\/pages\/387\/revisions"}],"predecessor-version":[{"id":2717,"href":"https:\/\/sinasefesertaope.com\/site\/wp-json\/wp\/v2\/pages\/387\/revisions\/2717"}],"wp:attachment":[{"href":"https:\/\/sinasefesertaope.com\/site\/wp-json\/wp\/v2\/media?parent=387"}],"curies":[{"name":"wp","href":"https:\/\/api.w.org\/{rel}","templated":true}]}}