{"id":444,"date":"2023-05-16T16:17:23","date_gmt":"2023-05-16T19:17:23","guid":{"rendered":"https:\/\/sinasefesertaope.com\/site\/?page_id=444"},"modified":"2025-01-20T15:45:52","modified_gmt":"2025-01-20T18:45:52","slug":"assessoria-juridica","status":"publish","type":"page","link":"https:\/\/sinasefesertaope.com\/site\/assessoria-juridica\/","title":{"rendered":"Assessoria Jur\u00eddica"},"content":{"rendered":"\t\t<div data-elementor-type=\"wp-page\" data-elementor-id=\"444\" class=\"elementor elementor-444\" data-elementor-post-type=\"page\">\n\t\t\t\t\t\t<section class=\"elementor-section elementor-top-section elementor-element elementor-element-48c18a79 elementor-section-full_width elementor-section-height-min-height elementor-section-height-default elementor-section-items-middle\" data-id=\"48c18a79\" data-element_type=\"section\" data-settings=\"{&quot;background_background&quot;:&quot;classic&quot;,&quot;ekit_has_onepagescroll_dot&quot;:&quot;yes&quot;}\">\n\t\t\t\t\t\t\t<div class=\"elementor-background-overlay\"><\/div>\n\t\t\t\t\t\t\t<div class=\"elementor-container elementor-column-gap-default\">\n\t\t\t\t\t<div class=\"elementor-column elementor-col-100 elementor-top-column elementor-element elementor-element-5e138f11\" data-id=\"5e138f11\" data-element_type=\"column\">\n\t\t\t<div class=\"elementor-widget-wrap elementor-element-populated\">\n\t\t\t\t\t\t\t<\/div>\n\t\t<\/div>\n\t\t\t\t\t<\/div>\n\t\t<\/section>\n\t\t<div class=\"elementor-element elementor-element-2f04fd0 e-flex e-con-boxed e-con e-parent\" data-id=\"2f04fd0\" data-element_type=\"container\" data-settings=\"{&quot;ekit_has_onepagescroll_dot&quot;:&quot;yes&quot;}\">\n\t\t\t\t\t<div class=\"e-con-inner\">\n\t\t<div class=\"elementor-element elementor-element-b28566c e-con-full e-flex e-con e-child\" data-id=\"b28566c\" data-element_type=\"container\" data-settings=\"{&quot;ekit_has_onepagescroll_dot&quot;:&quot;yes&quot;}\">\n\t\t\t\t<div class=\"elementor-element elementor-element-695948ed elementor-widget elementor-widget-text-editor\" data-id=\"695948ed\" data-element_type=\"widget\" data-settings=\"{&quot;ekit_we_effect_on&quot;:&quot;none&quot;}\" data-widget_type=\"text-editor.default\">\n\t\t\t\t\t\t\t\t\t<p>A Assessoria Jur\u00eddica do Sinasefe &#8211; IF Sert\u00e3o PE, atualmente representada pelo Escrit\u00f3rio Daniel Besarria &#8211; Advocacia e Consultoria Jur\u00eddica, tem como finalidade, prestar assessoria e consultoria jur\u00eddica \u00e0s atividades desenvolvidas pela Diretoria Executiva e o Conselho Fiscal da se\u00e7\u00e3o sindical, bem como ajuizar e acompanhar as a\u00e7\u00f5es e processos judiciais e\/ou administrativos, em benef\u00edcio dos Servidores sindicalizados, atrav\u00e9s de a\u00e7\u00f5es coletivas e\/ou individuais.<\/p><p>O papel da Assessoria Jur\u00eddica \u00e9 fundamental para o desenvolvimento das a\u00e7\u00f5es sindicais e a defesa dos direitos dos Servidores, quanto a conhecer e garantir seus direitos, quanto as orienta\u00e7\u00f5es referentes a aplicabilidade das leis, decretos, instru\u00e7\u00f5es normativas, resolu\u00e7\u00f5es e portarias e, quando necess\u00e1rio, ingressar com a\u00e7\u00f5es judiciais para garantir o direito aos benef\u00edcios e valores devidos.<\/p><p>Ressalta-se que dezenas de demandas jur\u00eddicas foram ajuizadas em favor dos Servidores sindicalizados, com o objeto de defender e garantir os direitos conquistados pelas categorias dos Docentes e dos T\u00e9cnicos Administrativos.<\/p><p>A Assessoria Jur\u00eddica est\u00e1 \u00e0 disposi\u00e7\u00e3o para atender os Servidores sindicalizados,\u00a0visando esclarecer as d\u00favidas e prestar as orienta\u00e7\u00f5es jur\u00eddicas cab\u00edveis.<\/p><p>CONTATOS:<br \/>Telefone: (87) 99824.6087 (Whatsapp)<br \/>E-mail: danielbesarria.advocacia@gmail.com<\/p>\t\t\t\t\t\t\t\t<\/div>\n\t\t\t\t<\/div>\n\t\t<div class=\"elementor-element elementor-element-0bfee52 e-con-full e-flex e-con e-child\" data-id=\"0bfee52\" data-element_type=\"container\" data-settings=\"{&quot;ekit_has_onepagescroll_dot&quot;:&quot;yes&quot;}\">\n\t\t\t\t<div class=\"elementor-element elementor-element-5634797 elementor-widget elementor-widget-image\" data-id=\"5634797\" data-element_type=\"widget\" data-settings=\"{&quot;ekit_we_effect_on&quot;:&quot;none&quot;}\" data-widget_type=\"image.default\">\n\t\t\t\t\t\t\t\t\t\t\t\t\t\t\t<img fetchpriority=\"high\" decoding=\"async\" width=\"800\" height=\"797\" src=\"https:\/\/sinasefesertaope.com\/site\/wp-content\/uploads\/2023\/05\/Daniel-Besarria-1024x1020.jpg\" class=\"attachment-large size-large wp-image-450\" alt=\"\" srcset=\"https:\/\/sinasefesertaope.com\/site\/wp-content\/uploads\/2023\/05\/Daniel-Besarria-1024x1020.jpg 1024w, https:\/\/sinasefesertaope.com\/site\/wp-content\/uploads\/2023\/05\/Daniel-Besarria-300x300.jpg 300w, https:\/\/sinasefesertaope.com\/site\/wp-content\/uploads\/2023\/05\/Daniel-Besarria-150x150.jpg 150w, https:\/\/sinasefesertaope.com\/site\/wp-content\/uploads\/2023\/05\/Daniel-Besarria-768x765.jpg 768w, https:\/\/sinasefesertaope.com\/site\/wp-content\/uploads\/2023\/05\/Daniel-Besarria.jpg 1080w\" sizes=\"(max-width: 800px) 100vw, 800px\" \/>\t\t\t\t\t\t\t\t\t\t\t\t\t\t\t<\/div>\n\t\t\t\t<div class=\"elementor-element elementor-element-f30b1eb elementor-widget elementor-widget-heading\" data-id=\"f30b1eb\" data-element_type=\"widget\" data-settings=\"{&quot;ekit_we_effect_on&quot;:&quot;none&quot;}\" data-widget_type=\"heading.default\">\n\t\t\t\t\t<h5 class=\"elementor-heading-title elementor-size-default\">Daniel Besarria <\/h5>\t\t\t\t<\/div>\n\t\t\t\t<div class=\"elementor-element elementor-element-8c5509c elementor-widget elementor-widget-text-editor\" data-id=\"8c5509c\" data-element_type=\"widget\" data-settings=\"{&quot;ekit_we_effect_on&quot;:&quot;none&quot;}\" data-widget_type=\"text-editor.default\">\n\t\t\t\t\t\t\t\t\t<p>Advogado e Assessor Jur\u00eddico<\/p>\t\t\t\t\t\t\t\t<\/div>\n\t\t\t\t<\/div>\n\t\t\t\t\t<\/div>\n\t\t\t\t<\/div>\n\t\t\t\t<\/div>\n\t\t","protected":false},"excerpt":{"rendered":"<p>A Assessoria Jur\u00eddica do Sinasefe &#8211; IF Sert\u00e3o PE, atualmente representada pelo Escrit\u00f3rio Daniel Besarria &#8211; Advocacia e Consultoria Jur\u00eddica, tem como finalidade, prestar assessoria e consultoria jur\u00eddica \u00e0s atividades desenvolvidas pela Diretoria Executiva e o Conselho Fiscal da se\u00e7\u00e3o sindical, bem como ajuizar e acompanhar as a\u00e7\u00f5es e processos judiciais e\/ou administrativos, em benef\u00edcio [&hellip;]<\/p>\n","protected":false},"author":1,"featured_media":0,"parent":0,"menu_order":0,"comment_status":"closed","ping_status":"closed","template":"","meta":{"footnotes":""},"class_list":["post-444","page","type-page","status-publish","hentry"],"_links":{"self":[{"href":"https:\/\/sinasefesertaope.com\/site\/wp-json\/wp\/v2\/pages\/444","targetHints":{"allow":["GET"]}}],"collection":[{"href":"https:\/\/sinasefesertaope.com\/site\/wp-json\/wp\/v2\/pages"}],"about":[{"href":"https:\/\/sinasefesertaope.com\/site\/wp-json\/wp\/v2\/types\/page"}],"author":[{"embeddable":true,"href":"https:\/\/sinasefesertaope.com\/site\/wp-json\/wp\/v2\/users\/1"}],"replies":[{"embeddable":true,"href":"https:\/\/sinasefesertaope.com\/site\/wp-json\/wp\/v2\/comments?post=444"}],"version-history":[{"count":10,"href":"https:\/\/sinasefesertaope.com\/site\/wp-json\/wp\/v2\/pages\/444\/revisions"}],"predecessor-version":[{"id":1056,"href":"https:\/\/sinasefesertaope.com\/site\/wp-json\/wp\/v2\/pages\/444\/revisions\/1056"}],"wp:attachment":[{"href":"https:\/\/sinasefesertaope.com\/site\/wp-json\/wp\/v2\/media?parent=444"}],"curies":[{"name":"wp","href":"https:\/\/api.w.org\/{rel}","templated":true}]}}