{"id":475,"date":"2023-05-16T16:46:01","date_gmt":"2023-05-16T19:46:01","guid":{"rendered":"https:\/\/sinasefesertaope.com\/site\/?page_id=475"},"modified":"2023-05-16T16:54:19","modified_gmt":"2023-05-16T19:54:19","slug":"filie-se","status":"publish","type":"page","link":"https:\/\/sinasefesertaope.com\/site\/filie-se\/","title":{"rendered":"Filie-se"},"content":{"rendered":"\t\t<div data-elementor-type=\"wp-page\" data-elementor-id=\"475\" class=\"elementor elementor-475\" data-elementor-post-type=\"page\">\n\t\t\t\t\t\t<section class=\"elementor-section elementor-top-section elementor-element elementor-element-619b8f37 elementor-section-full_width elementor-section-height-min-height elementor-section-height-default elementor-section-items-middle\" data-id=\"619b8f37\" data-element_type=\"section\" data-settings=\"{&quot;background_background&quot;:&quot;classic&quot;,&quot;ekit_has_onepagescroll_dot&quot;:&quot;yes&quot;}\">\n\t\t\t\t\t\t\t<div class=\"elementor-background-overlay\"><\/div>\n\t\t\t\t\t\t\t<div class=\"elementor-container elementor-column-gap-default\">\n\t\t\t\t\t<div class=\"elementor-column elementor-col-100 elementor-top-column elementor-element elementor-element-119d542d\" data-id=\"119d542d\" data-element_type=\"column\">\n\t\t\t<div class=\"elementor-widget-wrap elementor-element-populated\">\n\t\t\t\t\t\t\t<\/div>\n\t\t<\/div>\n\t\t\t\t\t<\/div>\n\t\t<\/section>\n\t\t<div class=\"elementor-element elementor-element-1ca04ddc e-flex e-con-boxed e-con e-parent\" data-id=\"1ca04ddc\" data-element_type=\"container\" data-settings=\"{&quot;ekit_has_onepagescroll_dot&quot;:&quot;yes&quot;}\">\n\t\t\t\t\t<div class=\"e-con-inner\">\n\t\t\t\t<div class=\"elementor-element elementor-element-68486326 elementor-widget elementor-widget-heading\" data-id=\"68486326\" data-element_type=\"widget\" data-settings=\"{&quot;ekit_we_effect_on&quot;:&quot;none&quot;}\" data-widget_type=\"heading.default\">\n\t\t\t\t\t<h2 class=\"elementor-heading-title elementor-size-default\">Ficha de Filia\u00e7\u00e3o<\/h2>\t\t\t\t<\/div>\n\t\t\t\t<div class=\"elementor-element elementor-element-34a35e3f elementor-widget elementor-widget-text-editor\" data-id=\"34a35e3f\" data-element_type=\"widget\" data-settings=\"{&quot;ekit_we_effect_on&quot;:&quot;none&quot;}\" data-widget_type=\"text-editor.default\">\n\t\t\t\t\t\t\t\t\t<p>Seja bem-vindo(a) ao formul\u00e1rio de filia\u00e7\u00e3o do SINASEFE IFSert\u00e3oPE!<\/p><p>Somos um sindicato que representa os servidores do Instituto Federal do Sert\u00e3o Pernambucano e lutamos diariamente pelos direitos e interesses da categoria. Nosso trabalho \u00e9 pautado pelo compromisso com a defesa dos direitos trabalhistas, a luta contra a precariza\u00e7\u00e3o do trabalho e a promo\u00e7\u00e3o da inclus\u00e3o e diversidade.<\/p><p>Ao se filiar ao SINASEFE IFSert\u00e3oPE, voc\u00ea passa a fazer parte de uma comunidade engajada e comprometida com a defesa dos seus direitos e da educa\u00e7\u00e3o p\u00fablica e gratuita de qualidade. Al\u00e9m disso, ao se filiar, voc\u00ea tamb\u00e9m ter\u00e1 acesso a diversos benef\u00edcios, como assist\u00eancia jur\u00eddica, cursos de forma\u00e7\u00e3o, conv\u00eanios e muito mais.<\/p><p>Preencha agora o formul\u00e1rio de filia\u00e7\u00e3o e fa\u00e7a parte do SINASEFE IFSert\u00e3oPE!<\/p><p>Juntos e juntas, podemos fazer a diferen\u00e7a na luta por uma educa\u00e7\u00e3o p\u00fablica e de qualidade para todos e todas!<\/p>\t\t\t\t\t\t\t\t<\/div>\n\t\t\t\t<div class=\"elementor-element elementor-element-da85701 elementor-align-center elementor-widget elementor-widget-button\" data-id=\"da85701\" data-element_type=\"widget\" data-settings=\"{&quot;ekit_we_effect_on&quot;:&quot;none&quot;}\" data-widget_type=\"button.default\">\n\t\t\t\t\t\t\t\t\t\t<a class=\"elementor-button elementor-button-link elementor-size-sm\" href=\"https:\/\/docs.google.com\/forms\/d\/1WPytD08n9K7uBkZbvaaJDyQCjh9Y8wXFyLS-dZp1k94\/viewform?edit_requested=true\">\n\t\t\t\t\t\t<span class=\"elementor-button-content-wrapper\">\n\t\t\t\t\t\t\t\t\t<span class=\"elementor-button-text\">formul\u00e1rio de filia\u00e7\u00e3o<\/span>\n\t\t\t\t\t<\/span>\n\t\t\t\t\t<\/a>\n\t\t\t\t\t\t\t\t<\/div>\n\t\t\t\t\t<\/div>\n\t\t\t\t<\/div>\n\t\t\t\t<\/div>\n\t\t","protected":false},"excerpt":{"rendered":"<p>Ficha de Filia\u00e7\u00e3o Seja bem-vindo(a) ao formul\u00e1rio de filia\u00e7\u00e3o do SINASEFE IFSert\u00e3oPE! Somos um sindicato que representa os servidores do Instituto Federal do Sert\u00e3o Pernambucano e lutamos diariamente pelos direitos e interesses da categoria. Nosso trabalho \u00e9 pautado pelo compromisso com a defesa dos direitos trabalhistas, a luta contra a precariza\u00e7\u00e3o do trabalho e a [&hellip;]<\/p>\n","protected":false},"author":1,"featured_media":0,"parent":0,"menu_order":0,"comment_status":"closed","ping_status":"closed","template":"","meta":{"footnotes":""},"class_list":["post-475","page","type-page","status-publish","hentry"],"_links":{"self":[{"href":"https:\/\/sinasefesertaope.com\/site\/wp-json\/wp\/v2\/pages\/475","targetHints":{"allow":["GET"]}}],"collection":[{"href":"https:\/\/sinasefesertaope.com\/site\/wp-json\/wp\/v2\/pages"}],"about":[{"href":"https:\/\/sinasefesertaope.com\/site\/wp-json\/wp\/v2\/types\/page"}],"author":[{"embeddable":true,"href":"https:\/\/sinasefesertaope.com\/site\/wp-json\/wp\/v2\/users\/1"}],"replies":[{"embeddable":true,"href":"https:\/\/sinasefesertaope.com\/site\/wp-json\/wp\/v2\/comments?post=475"}],"version-history":[{"count":7,"href":"https:\/\/sinasefesertaope.com\/site\/wp-json\/wp\/v2\/pages\/475\/revisions"}],"predecessor-version":[{"id":487,"href":"https:\/\/sinasefesertaope.com\/site\/wp-json\/wp\/v2\/pages\/475\/revisions\/487"}],"wp:attachment":[{"href":"https:\/\/sinasefesertaope.com\/site\/wp-json\/wp\/v2\/media?parent=475"}],"curies":[{"name":"wp","href":"https:\/\/api.w.org\/{rel}","templated":true}]}}