{"id":559,"date":"2023-05-16T23:02:52","date_gmt":"2023-05-17T02:02:52","guid":{"rendered":"https:\/\/sinasefesertaope.com\/site\/?page_id=559"},"modified":"2026-03-02T13:07:39","modified_gmt":"2026-03-02T16:07:39","slug":"prestacao-de-contas","status":"publish","type":"page","link":"https:\/\/sinasefesertaope.com\/site\/prestacao-de-contas\/","title":{"rendered":"Presta\u00e7\u00e3o de Contas"},"content":{"rendered":"\n<hr class=\"wp-block-separator has-alpha-channel-opacity\"\/>\n\n\n\n<h4 class=\"wp-block-heading has-text-align-center has-vivid-red-color has-text-color has-link-color wp-elements-15e034d87ce15ebfcdf0efcac97cad98\"><a href=\"https:\/\/drive.google.com\/file\/d\/1nTImCNE1W-BSCuGup8Dn1U8lFQ0PLDa7\/view?usp=sharing\" data-type=\"link\" data-id=\"https:\/\/drive.google.com\/file\/d\/1nTImCNE1W-BSCuGup8Dn1U8lFQ0PLDa7\/view?usp=sharing\" target=\"_blank\" rel=\"noreferrer noopener\">Dez\/2025 e Jan\/2026<\/a><\/h4>\n\n\n\n<h4 class=\"wp-block-heading has-text-align-center has-vivid-red-color has-text-color has-link-color wp-elements-c6ff021e4aa2219d6a40e08448647620\"><a href=\"https:\/\/drive.google.com\/file\/d\/1ZzxjSJ2Lz7sxWoykcuiClgyp6bsVQSFe\/view?usp=sharing\" data-type=\"link\" data-id=\"https:\/\/drive.google.com\/file\/d\/1ZzxjSJ2Lz7sxWoykcuiClgyp6bsVQSFe\/view?usp=sharing\" target=\"_blank\" rel=\"noreferrer noopener\">Dez\/2024 a Dez\/2025<\/a><\/h4>\n\n\n\n<h4 class=\"wp-block-heading has-text-align-center has-vivid-red-color has-text-color has-link-color wp-elements-fcd3ada9ae372577eb1b8019963e3a17\"><a href=\"https:\/\/drive.google.com\/file\/d\/1dXS7fjit04_H7i1mjzn942VZ53G-L57a\/view?usp=sharing\" data-type=\"link\" data-id=\"https:\/\/drive.google.com\/file\/d\/1biNDV-cmvJfLnnBVg-Lm9D2I1BBUbjGi\/view?usp=sharing\" target=\"_blank\" rel=\"noreferrer noopener\">Jan\/2019 a Set\/2019<\/a><\/h4>\n\n\n\n<p class=\"has-text-align-center\"><a href=\"https:\/\/drive.google.com\/file\/d\/1SmCIdvZnEMTnAMrnjqtcijOZY9wwSWNB\/view?usp=sharing\" data-type=\"link\" data-id=\"https:\/\/drive.google.com\/file\/d\/1SmCIdvZnEMTnAMrnjqtcijOZY9wwSWNB\/view?usp=sharing\" target=\"_blank\" rel=\"noreferrer noopener\">Notas explicativas as demonstra\u00e7\u00f5es financeiras de Janeiro a Setembro de 2019.<\/a><\/p>\n\n\n\n<h4 class=\"wp-block-heading has-text-align-center has-vivid-red-color has-text-color has-link-color wp-elements-b923f859f49d39ebe1949d718a4b04dd\"><a href=\"https:\/\/drive.google.com\/file\/d\/1biNDV-cmvJfLnnBVg-Lm9D2I1BBUbjGi\/view?usp=sharing\" data-type=\"link\" data-id=\"https:\/\/drive.google.com\/file\/d\/1biNDV-cmvJfLnnBVg-Lm9D2I1BBUbjGi\/view?usp=sharing\" target=\"_blank\" rel=\"noreferrer noopener\">Jan\/2018 a Dez\/2018<\/a><\/h4>\n\n\n\n<h4 class=\"wp-block-heading has-text-align-center has-vivid-red-color has-text-color has-link-color wp-elements-8cb0f8ed97c2bdd67a3d06eafada913b\"><a href=\"https:\/\/drive.google.com\/file\/d\/1qZdc2efIeasRnrVXfLp1jcec0aVBvpF6\/view?usp=sharing\" data-type=\"link\" data-id=\"https:\/\/drive.google.com\/file\/d\/12ulPLdbPdqCV81Bpehf2hdel9734WZKW\/view?usp=sharing\" target=\"_blank\" rel=\"noreferrer noopener\">Jan\/2017 a Dez\/2017<\/a><\/h4>\n\n\n\n<h4 class=\"wp-block-heading has-text-align-center has-vivid-red-color has-text-color has-link-color wp-elements-ca61558826b00304b64d51b6d2894ac0\"><a href=\"https:\/\/drive.google.com\/file\/d\/12ulPLdbPdqCV81Bpehf2hdel9734WZKW\/view?usp=sharing\" data-type=\"link\" data-id=\"https:\/\/drive.google.com\/file\/d\/12ulPLdbPdqCV81Bpehf2hdel9734WZKW\/view?usp=sharing\" target=\"_blank\" rel=\"noreferrer noopener\">Jan\/2016 a Dez\/2016<\/a><\/h4>\n\n\n\n<h4 class=\"wp-block-heading has-text-align-center has-vivid-red-color has-text-color has-link-color wp-elements-b8aecd55e7c08c0312ef8151c9486ed0\"><a href=\"https:\/\/drive.google.com\/file\/d\/1HMdEiPSE7izoM7xLVskJjrPfERoJ0nmq\/view?usp=sharing\" data-type=\"link\" data-id=\"https:\/\/drive.google.com\/file\/d\/1B7pvtljphGHWS5eh834eIvoVqHN7_5Mr\/view?usp=sharing\" target=\"_blank\" rel=\"noreferrer noopener\">Set\/2015 a Dez\/2015<\/a><\/h4>\n\n\n\n<h4 class=\"wp-block-heading has-text-align-center has-vivid-red-color has-text-color has-link-color wp-elements-8551c21d902c9838408eb4feed6cc7eb\"><a href=\"https:\/\/drive.google.com\/file\/d\/1B7pvtljphGHWS5eh834eIvoVqHN7_5Mr\/view?usp=sharing\" data-type=\"link\" data-id=\"https:\/\/drive.google.com\/file\/d\/1B7pvtljphGHWS5eh834eIvoVqHN7_5Mr\/view?usp=sharing\" target=\"_blank\" rel=\"noreferrer noopener\">Nov\/2014 a Set\/2015<\/a><\/h4>\n\n\n\n<h4 class=\"wp-block-heading has-text-align-center has-vivid-red-color has-text-color has-link-color wp-elements-d4ac889d8e2616b6543521dcacb48ea4\"><a href=\"https:\/\/drive.google.com\/file\/d\/1coYafhrWuindO67MdMz3Co9f5YRhrmRv\/view?usp=sharing\" data-type=\"link\" data-id=\"https:\/\/drive.google.com\/file\/d\/1coYafhrWuindO67MdMz3Co9f5YRhrmRv\/view?usp=sharing\" target=\"_blank\" rel=\"noreferrer noopener\">Out\/2013 a Out\/2014<\/a><\/h4>\n\n\n\n<hr class=\"wp-block-separator has-alpha-channel-opacity\"\/>\n\n\n\n<h3 class=\"wp-block-heading has-black-color has-text-color has-link-color wp-elements-5230aefdac7e299116d8a49e988a278a\">Atividades sindicais<\/h3>\n\n\n\n<p>Conforme deliberado em Assembleia Geral, foi definido um modelo padr\u00e3o de presta\u00e7\u00e3o de contas para utiliza\u00e7\u00e3o em viagens e demais atividades sindicais. A fim de facilitar o acesso e garantir mais transpar\u00eancia e organiza\u00e7\u00e3o nos procedimentos, disponibilizamos abaixo o documento com o modelo a ser utilizado por sindicalizados\/as.<\/p>\n\n\n\n<p>Pedimos que o documento seja devidamente preenchido e acompanhado dos comprovantes correspondentes, conforme as orienta\u00e7\u00f5es contidas no pr\u00f3prio modelo.<\/p>\n\n\n\n<p><strong>\ud83d\udcc4 <a href=\"https:\/\/docs.google.com\/document\/d\/1lx5upgzNgN2e16w9DxFM0iDWceRwy7yO\/edit?usp=sharing&amp;ouid=102535151493192592683&amp;rtpof=true&amp;sd=true\" target=\"_blank\" rel=\"noreferrer noopener\">Clique aqui para baixar o modelo de presta\u00e7\u00e3o de contas<\/a><\/strong><\/p>\n\n\n\n<div class=\"wp-block-file\"><a id=\"wp-block-file--media-f3422c64-bc2b-40f5-a4c0-800158bf8267\" href=\"https:\/\/sinasefesertaope.com\/site\/wp-content\/uploads\/2025\/04\/Prestacao-de-contas-modelo-1.docx\">Presta\u00e7\u00e3o de contas &#8211; modelo<\/a><a href=\"https:\/\/sinasefesertaope.com\/site\/wp-content\/uploads\/2025\/04\/Prestacao-de-contas-modelo-1.docx\" class=\"wp-block-file__button wp-element-button\" download aria-describedby=\"wp-block-file--media-f3422c64-bc2b-40f5-a4c0-800158bf8267\">Baixar<\/a><\/div>\n\n\n\n<hr class=\"wp-block-separator has-alpha-channel-opacity\"\/>\n","protected":false},"excerpt":{"rendered":"<p>Dez\/2025 e Jan\/2026 Dez\/2024 a Dez\/2025 Jan\/2019 a Set\/2019 Notas explicativas as demonstra\u00e7\u00f5es financeiras de Janeiro a Setembro de 2019. Jan\/2018 a Dez\/2018 Jan\/2017 a Dez\/2017 Jan\/2016 a Dez\/2016 Set\/2015 a Dez\/2015 Nov\/2014 a Set\/2015 Out\/2013 a Out\/2014 Atividades sindicais Conforme deliberado em Assembleia Geral, foi definido um modelo padr\u00e3o de presta\u00e7\u00e3o de contas para [&hellip;]<\/p>\n","protected":false},"author":1,"featured_media":0,"parent":0,"menu_order":0,"comment_status":"closed","ping_status":"closed","template":"","meta":{"footnotes":""},"class_list":["post-559","page","type-page","status-publish","hentry"],"_links":{"self":[{"href":"https:\/\/sinasefesertaope.com\/site\/wp-json\/wp\/v2\/pages\/559","targetHints":{"allow":["GET"]}}],"collection":[{"href":"https:\/\/sinasefesertaope.com\/site\/wp-json\/wp\/v2\/pages"}],"about":[{"href":"https:\/\/sinasefesertaope.com\/site\/wp-json\/wp\/v2\/types\/page"}],"author":[{"embeddable":true,"href":"https:\/\/sinasefesertaope.com\/site\/wp-json\/wp\/v2\/users\/1"}],"replies":[{"embeddable":true,"href":"https:\/\/sinasefesertaope.com\/site\/wp-json\/wp\/v2\/comments?post=559"}],"version-history":[{"count":8,"href":"https:\/\/sinasefesertaope.com\/site\/wp-json\/wp\/v2\/pages\/559\/revisions"}],"predecessor-version":[{"id":2556,"href":"https:\/\/sinasefesertaope.com\/site\/wp-json\/wp\/v2\/pages\/559\/revisions\/2556"}],"wp:attachment":[{"href":"https:\/\/sinasefesertaope.com\/site\/wp-json\/wp\/v2\/media?parent=559"}],"curies":[{"name":"wp","href":"https:\/\/api.w.org\/{rel}","templated":true}]}}